{"id":901,"date":"2021-07-26T13:46:29","date_gmt":"2021-07-26T13:46:29","guid":{"rendered":"https:\/\/www.ictsolutions.co\/shkollatest\/hestia-front\/"},"modified":"2025-08-02T06:52:24","modified_gmt":"2025-08-02T06:52:24","slug":"hestia-front","status":"publish","type":"page","link":"https:\/\/shkollatpershendetin.al\/en\/","title":{"rendered":"Front Page"},"content":{"rendered":"<div class=\"n2-section-smartslider fitvidsignore  n2_clear\" data-ssid=\"2\" tabindex=\"0\" role=\"region\" aria-label=\"Slider\"><div id=\"n2-ss-2-align\" class=\"n2-ss-align\"><div class=\"n2-padding\"><div id=\"n2-ss-2\" data-creator=\"Smart Slider 3\" data-responsive=\"fullwidth\" class=\"n2-ss-slider n2-ow n2-has-hover n2notransition\">\n\n\n\n\n\n\n\n\n\n<div class=\"n2-ss-slider-wrapper-inside\">\n        <div class=\"n2-ss-slider-1 n2_ss__touch_element n2-ow\">\n            <div class=\"n2-ss-slider-2 n2-ow\">\n                                                <div class=\"n2-ss-slider-3 n2-ow\">\n\n                    <div class=\"n2-ss-slide-backgrounds n2-ow-all\"><div class=\"n2-ss-slide-background\" data-public-id=\"1\" data-mode=\"fill\"><div class=\"n2-ss-slide-background-image\" data-blur=\"0\" data-opacity=\"100\" data-x=\"77\" data-y=\"4\" data-alt=\"\" data-title=\"\" style=\"--ss-o-pos-x:77%;--ss-o-pos-y:4%\"><picture class=\"skip-lazy\" data-skip-lazy=\"1\"><img decoding=\"async\" src=\"\/\/shkollatpershendetin.al\/wp-content\/uploads\/2021\/10\/ezgif.com-gif-maker.webp\" alt=\"\" title=\"\" loading=\"lazy\" class=\"skip-lazy\" data-skip-lazy=\"1\"><\/picture><\/div><div data-color=\"RGBA(255,255,255,0)\" style=\"background-color: RGBA(255,255,255,0);\" class=\"n2-ss-slide-background-color\"><\/div><\/div><div class=\"n2-ss-slide-background\" data-public-id=\"2\" data-mode=\"fill\"><div class=\"n2-ss-slide-background-image\" data-blur=\"0\" data-opacity=\"100\" data-x=\"50\" data-y=\"50\" data-alt=\"\" data-title=\"\"><picture class=\"skip-lazy\" data-skip-lazy=\"1\"><img decoding=\"async\" src=\"\/\/shkollatpershendetin.al\/wp-content\/uploads\/slider\/cache\/921266239aa004a62ac5cc1eec1ce053\/light-bulb-white-light-drawing-cardboard.jpg\" alt=\"\" title=\"\" loading=\"lazy\" class=\"skip-lazy\" data-skip-lazy=\"1\"><\/picture><\/div><div data-color=\"RGBA(255,255,255,0)\" style=\"background-color: RGBA(255,255,255,0);\" class=\"n2-ss-slide-background-color\"><\/div><\/div><div class=\"n2-ss-slide-background\" data-public-id=\"3\" data-mode=\"fill\"><div class=\"n2-ss-slide-background-image\" data-blur=\"0\" data-opacity=\"100\" data-x=\"50\" data-y=\"50\" data-alt=\"\" data-title=\"\"><picture class=\"skip-lazy\" data-skip-lazy=\"1\"><img decoding=\"async\" src=\"\/\/shkollatpershendetin.al\/wp-content\/uploads\/slider\/cache\/a893d1a77f611d7497222af6f78faac3\/kimberly-farmer-lUaaKCUANVI-unsplash-scaled.jpg\" alt=\"\" title=\"\" loading=\"lazy\" class=\"skip-lazy\" data-skip-lazy=\"1\"><\/picture><\/div><div data-color=\"RGBA(255,255,255,0)\" style=\"background-color: RGBA(255,255,255,0);\" class=\"n2-ss-slide-background-color\"><\/div><\/div><\/div>                    <div class=\"n2-ss-slider-4 n2-ow\">\n                        <svg xmlns=\"http:\/\/www.w3.org\/2000\/svg\" viewbox=\"0 0 1200 600\" data-related-device=\"desktopPortrait\" class=\"n2-ow n2-ss-preserve-size n2-ss-preserve-size--slider n2-ss-slide-limiter\"><\/svg><div data-first=\"1\" data-slide-duration=\"0\" data-id=\"3\" data-slide-public-id=\"1\" data-title=\"Slide 1\" data-haslink=\"1\" data-href=\"https:\/\/shkollatpershendetin.al\/rreth-nesh\/\" tabindex=\"0\" role=\"button\" data-n2click=\"url\" data-force-pointer=\"\" class=\"n2-ss-slide n2-ow  n2-ss-slide-3\"><div role=\"note\" class=\"n2-ss-slide--focus\">Slide 1<\/div><div class=\"n2-ss-layers-container n2-ss-slide-limiter n2-ow\"><div class=\"n2-ss-layer n2-ow n-uc-QwWWjymuDfM5\" data-sstype=\"slide\" data-pm=\"default\"><\/div><\/div><\/div><div data-slide-duration=\"0\" data-id=\"4\" data-slide-public-id=\"2\" data-title=\"Slide 2\" data-haslink=\"1\" data-href=\"https:\/\/shkollatpershendetin.al\/koncepte\/\" tabindex=\"0\" role=\"button\" data-n2click=\"url\" data-force-pointer=\"\" class=\"n2-ss-slide n2-ow  n2-ss-slide-4\"><div role=\"note\" class=\"n2-ss-slide--focus\">Slide 2<\/div><div class=\"n2-ss-layers-container n2-ss-slide-limiter n2-ow\"><div class=\"n2-ss-layer n2-ow n-uc-OFrQM3mrfrkb\" data-sstype=\"slide\" data-pm=\"default\"><div class=\"n2-ss-layer n2-ow n-uc-1829a52027e79\" data-pm=\"default\" data-sstype=\"content\" data-hasbackground=\"0\"><div class=\"n2-ss-section-main-content n2-ss-layer-with-background n2-ss-layer-content n2-ow n-uc-1829a52027e79-inner\"><div class=\"n2-ss-layer n2-ow n-uc-pnGYW8uR6CST n2-ss-layer--auto\" data-pm=\"normal\" data-sstype=\"layer\"><div class=\"n2-ss-button-container n2-ss-item-content n2-ow n2-font-f394376486c7c86d7140f4e5fc31d746-link  n2-ss-nowrap n2-ss-button-container--non-full-width\"><a class=\"n2-style-36a5cf9d43b0ae491e1a548fcebf247b-heading  n2-ow\" target=\"_blank\" href=\"https:\/\/shkollatpershendetin.al\/en\/koncepte-te-shendetit\/\"><div><div>KONCEPTE<\/div><\/div><\/a><\/div><\/div><\/div><\/div><\/div><\/div><\/div><div data-slide-duration=\"0\" data-id=\"6\" data-slide-public-id=\"3\" data-title=\"Slide 2\" data-haslink=\"1\" data-href=\"https:\/\/shkollatpershendetin.al\/burime-2\/\" tabindex=\"0\" role=\"button\" data-n2click=\"url\" data-force-pointer=\"\" class=\"n2-ss-slide n2-ow  n2-ss-slide-6\"><div role=\"note\" class=\"n2-ss-slide--focus\">Slide 2<\/div><div class=\"n2-ss-layers-container n2-ss-slide-limiter n2-ow\"><div class=\"n2-ss-layer n2-ow n-uc-zyA99VUIbav1\" data-sstype=\"slide\" data-pm=\"default\"><div class=\"n2-ss-layer n2-ow n-uc-4xakKMqkK06G\" data-pm=\"default\" data-sstype=\"content\" data-hasbackground=\"0\"><div class=\"n2-ss-section-main-content n2-ss-layer-with-background n2-ss-layer-content n2-ow n-uc-4xakKMqkK06G-inner\"><div class=\"n2-ss-layer n2-ow n-uc-fvbV8p4W62Hu n2-ss-layer--auto\" data-pm=\"normal\" data-sstype=\"layer\"><div class=\"n2-ss-button-container n2-ss-item-content n2-ow n2-font-f394376486c7c86d7140f4e5fc31d746-link  n2-ss-nowrap n2-ss-button-container--non-full-width\"><a class=\"n2-style-36a5cf9d43b0ae491e1a548fcebf247b-heading  n2-ow\" target=\"_blank\" href=\"https:\/\/portalinjohurive.shkollatpershendetin.al\/\"><div><div>BURIME<\/div><\/div><\/a><\/div><\/div><\/div><\/div><\/div><\/div><\/div>                    <\/div>\n\n                                    <\/div>\n            <\/div>\n        <\/div>\n        <div class=\"n2-ss-slider-controls n2-ss-slider-controls-absolute-left-center\"><div style=\"--widget-offset:15px;\" class=\"n2-ss-widget n2-style-09a8364a7159aeff35b6b40ac3f789f6-heading nextend-arrow n2-ow-all nextend-arrow-previous  nextend-arrow-animated-fade\" data-hide-mobileportrait=\"1\" id=\"n2-ss-2-arrow-previous\" role=\"button\" aria-label=\"previous arrow\" tabindex=\"0\"><img loading=\"lazy\" decoding=\"async\" width=\"32\" height=\"32\" class=\"n2-arrow-normal-img skip-lazy\" data-skip-lazy=\"1\" src=\"data:image\/svg+xml;base64,PHN2ZyB3aWR0aD0iMzIiIGhlaWdodD0iMzIiIHZpZXdCb3g9IjAgMCAzMiAzMiIgeG1sbnM9Imh0dHA6Ly93d3cudzMub3JnLzIwMDAvc3ZnIj4KICAgIDxwYXRoIGQ9Ik0xMS40MzMgMTUuOTkyTDIyLjY5IDUuNzEyYy4zOTMtLjM5LjM5My0xLjAzIDAtMS40Mi0uMzkzLS4zOS0xLjAzLS4zOS0xLjQyMyAwbC0xMS45OCAxMC45NGMtLjIxLjIxLS4zLjQ5LS4yODUuNzYtLjAxNS4yOC4wNzUuNTYuMjg0Ljc3bDExLjk4IDEwLjk0Yy4zOTMuMzkgMS4wMy4zOSAxLjQyNCAwIC4zOTMtLjQuMzkzLTEuMDMgMC0xLjQybC0xMS4yNTctMTAuMjkiCiAgICAgICAgICBmaWxsPSIjMTZiN2NjIiBvcGFjaXR5PSIxIiBmaWxsLXJ1bGU9ImV2ZW5vZGQiLz4KPC9zdmc+\" alt=\"previous arrow\"><img loading=\"lazy\" decoding=\"async\" width=\"32\" height=\"32\" class=\"n2-arrow-hover-img skip-lazy\" data-skip-lazy=\"1\" src=\"data:image\/svg+xml;base64,PHN2ZyB3aWR0aD0iMzIiIGhlaWdodD0iMzIiIHZpZXdCb3g9IjAgMCAzMiAzMiIgeG1sbnM9Imh0dHA6Ly93d3cudzMub3JnLzIwMDAvc3ZnIj4KICAgIDxwYXRoIGQ9Ik0xMS40MzMgMTUuOTkyTDIyLjY5IDUuNzEyYy4zOTMtLjM5LjM5My0xLjAzIDAtMS40Mi0uMzkzLS4zOS0xLjAzLS4zOS0xLjQyMyAwbC0xMS45OCAxMC45NGMtLjIxLjIxLS4zLjQ5LS4yODUuNzYtLjAxNS4yOC4wNzUuNTYuMjg0Ljc3bDExLjk4IDEwLjk0Yy4zOTMuMzkgMS4wMy4zOSAxLjQyNCAwIC4zOTMtLjQuMzkzLTEuMDMgMC0xLjQybC0xMS4yNTctMTAuMjkiCiAgICAgICAgICBmaWxsPSIjZmZmZmZmIiBvcGFjaXR5PSIxIiBmaWxsLXJ1bGU9ImV2ZW5vZGQiLz4KPC9zdmc+\" alt=\"previous arrow\"><\/div><\/div><div class=\"n2-ss-slider-controls n2-ss-slider-controls-absolute-right-center\"><div style=\"--widget-offset:15px;\" class=\"n2-ss-widget n2-style-09a8364a7159aeff35b6b40ac3f789f6-heading nextend-arrow n2-ow-all nextend-arrow-next  nextend-arrow-animated-fade\" data-hide-mobileportrait=\"1\" id=\"n2-ss-2-arrow-next\" role=\"button\" aria-label=\"next arrow\" tabindex=\"0\"><img loading=\"lazy\" decoding=\"async\" width=\"32\" height=\"32\" class=\"n2-arrow-normal-img skip-lazy\" data-skip-lazy=\"1\" src=\"data:image\/svg+xml;base64,PHN2ZyB3aWR0aD0iMzIiIGhlaWdodD0iMzIiIHZpZXdCb3g9IjAgMCAzMiAzMiIgeG1sbnM9Imh0dHA6Ly93d3cudzMub3JnLzIwMDAvc3ZnIj4KICAgIDxwYXRoIGQ9Ik0xMC43MjIgNC4yOTNjLS4zOTQtLjM5LTEuMDMyLS4zOS0xLjQyNyAwLS4zOTMuMzktLjM5MyAxLjAzIDAgMS40MmwxMS4yODMgMTAuMjgtMTEuMjgzIDEwLjI5Yy0uMzkzLjM5LS4zOTMgMS4wMiAwIDEuNDIuMzk1LjM5IDEuMDMzLjM5IDEuNDI3IDBsMTIuMDA3LTEwLjk0Yy4yMS0uMjEuMy0uNDkuMjg0LS43Ny4wMTQtLjI3LS4wNzYtLjU1LS4yODYtLjc2TDEwLjcyIDQuMjkzeiIKICAgICAgICAgIGZpbGw9IiMxNmI3Y2MiIG9wYWNpdHk9IjEiIGZpbGwtcnVsZT0iZXZlbm9kZCIvPgo8L3N2Zz4=\" alt=\"next arrow\"><img loading=\"lazy\" decoding=\"async\" width=\"32\" height=\"32\" class=\"n2-arrow-hover-img skip-lazy\" data-skip-lazy=\"1\" src=\"data:image\/svg+xml;base64,PHN2ZyB3aWR0aD0iMzIiIGhlaWdodD0iMzIiIHZpZXdCb3g9IjAgMCAzMiAzMiIgeG1sbnM9Imh0dHA6Ly93d3cudzMub3JnLzIwMDAvc3ZnIj4KICAgIDxwYXRoIGQ9Ik0xMC43MjIgNC4yOTNjLS4zOTQtLjM5LTEuMDMyLS4zOS0xLjQyNyAwLS4zOTMuMzktLjM5MyAxLjAzIDAgMS40MmwxMS4yODMgMTAuMjgtMTEuMjgzIDEwLjI5Yy0uMzkzLjM5LS4zOTMgMS4wMiAwIDEuNDIuMzk1LjM5IDEuMDMzLjM5IDEuNDI3IDBsMTIuMDA3LTEwLjk0Yy4yMS0uMjEuMy0uNDkuMjg0LS43Ny4wMTQtLjI3LS4wNzYtLjU1LS4yODYtLjc2TDEwLjcyIDQuMjkzeiIKICAgICAgICAgIGZpbGw9IiNmZmZmZmYiIG9wYWNpdHk9IjEiIGZpbGwtcnVsZT0iZXZlbm9kZCIvPgo8L3N2Zz4=\" alt=\"next arrow\"><\/div><\/div><div class=\"n2-ss-slider-controls n2-ss-slider-controls-absolute-center-bottom\"><div style=\"--widget-offset:10px;\" class=\"n2-ss-widget n2-ss-control-bullet n2-ow-all n2-ss-control-bullet-horizontal\"><div class=\"n2-style-52a3032cdf5e0a73159365f609201a73-simple  nextend-bullet-bar n2-bar-justify-content-center\"><div class=\"n2-bullet n2-style-4f72beb15bfb0511e07bfb33dde48a42-dot\" style=\"visibility:hidden;\"><\/div><\/div><\/div><\/div><\/div><\/div><ss3-loader><\/ss3-loader><\/div><\/div><div class=\"n2_clear\"><\/div><\/div>\n\n\n<div style=\"height:66px\" aria-hidden=\"true\" class=\"wp-block-spacer\"><\/div>\n\n\n\n<div style=\"width: 100%; height: 100%; text-align: center; padding-left: 5%; padding-right: 5%; font-size: 20px;\">\n<p style=\"color: #4a8969; font-size: 30px;\">&#8220;Shkollat P\u00ebr Sh\u00ebndetin N\u00eb Shifra&#8221;<\/p>\n<br \/>\n<div class=\"divstatistikat1\">\n<p class=\"zoom-in-zoom-out\">1588<\/p>\n<hr style=\"border: 1px solid #4a8969; width: 50%;\" \/>\n<p style=\"font-size: 13px;\">Shkolla mor\u00ebn pjes\u00eb n\u00eb <br \/>vler\u00ebsimin e indeksit t\u00eb shkollave<\/p>\n<p><\/p>\n<\/div>\n<div class=\"divstatistikat2\">\n<p class=\"zoom-in-zoom-out\">51<\/p>\n<hr style=\"border: 1px solid #4a8969; width: 50%;\" \/>\n<p style=\"font-size: 13px;\">ZVAP t\u00eb trajnuara p\u00ebr <br \/>Indeksin Sh\u00ebndet\u00ebsor<\/p>\n<p><\/p>\n<\/div>\n<div class=\"divstatistikat3\">\n<p class=\"zoom-in-zoom-out\">120<\/p>\n<hr style=\"border: 1px solid #4a8969; width: 50%;\" \/>\n<p style=\"font-size: 13px;\">Shkolla t\u00eb zgjedhura p\u00ebr nd\u00ebrhyrje t\u00eb thelluara<\/p>\n<p><\/p>\n<\/div>\n<div class=\"divstatistikat4\">\n<p class=\"zoom-in-zoom-out\">12<\/p>\n<hr style=\"border: 1px solid #4a8969; width: 50%;\" \/>\n<p style=\"font-size: 13px;\">Qarqe pilot<\/p>\n<p><\/p>\n<\/div>\n<\/div>\n\n\n\t\t<div class='wp-block-vgb-video-gallery  align' id='vgbVideoGallery-836fbb48-7' data-attributes='{&quot;cId&quot;:&quot;836fbb48-7&quot;,&quot;videos&quot;:[{&quot;video&quot;:&quot;https:\\\/\\\/www.youtube.com\\\/watch?v=n3hU5yXdENE&quot;,&quot;poster&quot;:&quot;https:\\\/\\\/shkollatpershendetin.al\\\/wp-content\\\/uploads\\\/2024\\\/08\\\/GjergjMuzakaok.png&quot;,&quot;caption&quot;:&quot;&quot;,&quot;albs&quot;:[]},{&quot;video&quot;:&quot;https:\\\/\\\/www.youtube.com\\\/watch?v=CJ_R1snF4nU&quot;,&quot;albs&quot;:[],&quot;poster&quot;:&quot;https:\\\/\\\/shkollatpershendetin.al\\\/wp-content\\\/uploads\\\/2024\\\/08\\\/LuizaGegaok.png&quot;},{&quot;video&quot;:&quot;https:\\\/\\\/www.youtube.com\\\/watch?v=puvITiMGBhU&quot;,&quot;albs&quot;:[],&quot;poster&quot;:&quot;https:\\\/\\\/shkollatpershendetin.al\\\/wp-content\\\/uploads\\\/2024\\\/08\\\/GencCerkiciok.png&quot;},{&quot;video&quot;:&quot;https:\\\/\\\/www.youtube.com\\\/watch?v=5PuuBbhbKt8&quot;,&quot;albs&quot;:[],&quot;poster&quot;:&quot;https:\\\/\\\/shkollatpershendetin.al\\\/wp-content\\\/uploads\\\/2024\\\/08\\\/AlmaCupiok.png&quot;},{&quot;video&quot;:&quot;https:\\\/\\\/www.youtube.com\\\/watch?v=fbCVFnZ9Gic&quot;,&quot;albs&quot;:[],&quot;poster&quot;:&quot;https:\\\/\\\/shkollatpershendetin.al\\\/wp-content\\\/uploads\\\/2024\\\/08\\\/FlorianAgalliuok.png&quot;}],&quot;columns&quot;:{&quot;desktop&quot;:5,&quot;tablet&quot;:2,&quot;mobile&quot;:1},&quot;columnGap&quot;:15,&quot;filter&quot;:{&quot;show&quot;:true,&quot;commonLabel&quot;:&quot;Fushata e advokacis\\u00eb me personazhe t\\u00eb njohur&quot;},&quot;padding&quot;:{&quot;vertical&quot;:&quot;10px&quot;,&quot;horizontal&quot;:&quot;10px&quot;,&quot;side&quot;:2,&quot;top&quot;:&quot;0px&quot;,&quot;right&quot;:&quot;0px&quot;,&quot;bottom&quot;:&quot;0px&quot;,&quot;left&quot;:&quot;0px&quot;},&quot;itemHeight&quot;:&quot;350px&quot;,&quot;align&quot;:&quot;&quot;,&quot;albums&quot;:[],&quot;rowGap&quot;:10,&quot;isPopupWidthAsRatio&quot;:false,&quot;background&quot;:{&quot;color&quot;:&quot;#fff&quot;},&quot;border&quot;:{&quot;radius&quot;:&quot;5px&quot;},&quot;shadow&quot;:[{&quot;hOffset&quot;:&quot;0px&quot;,&quot;vOffset&quot;:&quot;25px&quot;,&quot;blur&quot;:&quot;30px&quot;,&quot;spreed&quot;:&quot;-20px&quot;,&quot;color&quot;:&quot;#0003&quot;}],&quot;filterBtnTypo&quot;:{&quot;fontSize&quot;:{&quot;desktop&quot;:14,&quot;tablet&quot;:14,&quot;mobile&quot;:14}},&quot;filterBtnColors&quot;:{&quot;color&quot;:&quot;#fff&quot;,&quot;bg&quot;:&quot;#4527a4&quot;},&quot;filterBtnHoverColors&quot;:{&quot;color&quot;:&quot;#fff&quot;,&quot;bg&quot;:&quot;#8344c5&quot;},&quot;openPopupId&quot;:&quot;&quot;}'><\/div>\r\n\r\n\t\t\n\n\n<div style=\"height:78px\" aria-hidden=\"true\" class=\"wp-block-spacer\"><\/div>\n\n\n\n<div id=\"language-dialog\" title=\"Notification Language\">\n    <p id=\"language-p\"><\/p>\n<\/div>\n\n<table id=\"tabelahome\" style=\"width:90%; margin-left: auto; margin-right: auto;\">\n    <tbody>\n        <tr style=\"border-style: none;\">\n            <td style=\"border-style: solid; border-width: 0.5px;\" class=\"hartatmobile\">\n                <a href=\"http:\/\/gis.shkollatpershendetin.info\/\" target=\"_blank\" rel=\"noopener noreferrer\">\n                    <p style=\"font-size:22px; font-weight:600; color:#000000; text-align:center; margin-top:5%;\">\n                        Portali GIS p\u00ebr Indeksin Sh\u00ebndet\u00ebsor t\u00eb Shkoll\u00ebs\n                    <\/p>\n                    <img decoding=\"async\" src=\"https:\/\/shkollatpershendetin.al\/wp-content\/uploads\/2021\/08\/hartaa.png\" \n                         style=\"margin-top:5%; padding:6%;\" width=\"500px\" alt=\"GIS portal health index image\">\n                <\/a>\n            <\/td>\n            <td style=\"text-align:center;\" class=\"hartatmobile\">\n                <iframe loading=\"lazy\" width=\"860\" height=\"515\" src=\"https:\/\/www.youtube.com\/embed\/ZQQ6qwA5GuQ?si=DjkdakBL6m56oJF4\" \n                        title=\"YouTube video player\" frameborder=\"0\" allow=\"accelerometer; autoplay; clipboard-write;                         encrypted-media; gyroscope; picture-in-picture\" allowfullscreen>\n                <\/iframe>\n            <\/td>\n        <\/tr>\n        <tr style=\"border-style: none;\">\n            <td style=\"border-style: solid; border-width: 0.5px;\" class=\"hartatmobile\">\n                <div style=\"text-align: center; margin-bottom: 10%;\">\n                    <p style=\"font-size: 22px; font-weight: 600; color: #000000;\">Le ti japim bot\u00ebs shpres\u00eb<\/p>\n                    <a href=\"https:\/\/www.youtube.com\/watch?v=lvYcw4PPSQM\" target=\"_blank\" rel=\"noopener noreferrer\">\n                        <img decoding=\"async\" src=\"https:\/\/shkollatpershendetin.al\/wp-content\/uploads\/2024\/10\/LeTijapimBotesShprese.png\" \n                             width=\"500px\" alt=\"Le ti japim botes shprese\">\n                    <\/a>\n                <\/div>\n                <div style=\"text-align: center; margin-bottom: 10%;\">\n                    <p style=\"font-size: 22px; font-weight: 600; color: #000000;\">Tetori Roz\u00eb<\/p>\n                    <a href=\"https:\/\/www.youtube.com\/watch?v=cnYte5O3DO4&#038;t=34s\" target=\"_blank\" rel=\"noopener noreferrer\">\n                        <img decoding=\"async\" src=\"https:\/\/shkollatpershendetin.al\/wp-content\/uploads\/2024\/10\/TetoriRoze-1.png\" \n                             width=\"500px\" alt=\"Tetori Roze\">\n                    <\/a>\n                <\/div>\n            <\/td>\n            <td class=\"hartatmobile\" style=\"vertical-align: top; text-align:center;\">\n                <div class=\"raporto_sh\">\n                    <a href=\"https:\/\/shkollatpershendetin.al\/en\/na-kontaktoni-2\/\" target=\"_blank\" rel=\"noopener noreferrer\">\n                        <img decoding=\"async\" src=\"https:\/\/shkollatpershendetin.al\/wp-content\/uploads\/2021\/09\/nakontaktoni.png\" \n                             style=\"text-align:right;\" width=\"82%\" alt=\"Contact us\">\n                    <\/a>\n                    <br><br><br>\n                    <div style=\"width:100%;\">\n                        <div style=\"display:inline-block; width:15%;\">\n                            <a href=\"https:\/\/josheqerit.shkollatpershendetin.al\/\" target=\"_blank\" rel=\"noopener noreferrer\">\n                                <img decoding=\"async\" src=\"https:\/\/shkollatpershendetin.al\/wp-content\/uploads\/2021\/11\/appnotosugar.png\" \n                                     style=\"text-align:right;\" width=\"80%\" alt=\"No sugar app\">\n                            <\/a>\n                        <\/div>\n                        <div style=\"display:inline-block; width:15%;\">\n                            <a href=\"https:\/\/ushqehushendetshem.shkollatpershendetin.al\/\" target=\"_blank\" rel=\"noopener noreferrer\">\n                                <img decoding=\"async\" src=\"https:\/\/shkollatpershendetin.al\/wp-content\/uploads\/2022\/01\/ushqehushendetshem.png\" \n                                     style=\"text-align:right;\" width=\"80%\" alt=\"Healthy eating app\">\n                            <\/a>\n                        <\/div>\n                        <div style=\"display:inline-block; width:15%;\">\n                            <a href=\"https:\/\/higjiena.shkollatpershendetin.al\/\" target=\"_blank\" rel=\"noopener noreferrer\">\n                                <img decoding=\"async\" src=\"https:\/\/shkollatpershendetin.al\/wp-content\/uploads\/2023\/06\/Higjenaok.png\" \n                                     style=\"text-align:right;\" width=\"80%\" alt=\"Hygiene app\">\n                            <\/a>\n                        <\/div>\n                        <div style=\"display:inline-block; width:15%;\">\n                            <a href=\"https:\/\/qendroaktiv.shkollatpershendetin.al\/faqja-kryesore\" target=\"_blank\" rel=\"noopener noreferrer\">\n                                <img decoding=\"async\" src=\"https:\/\/shkollatpershendetin.al\/wp-content\/uploads\/2022\/02\/QA.png\" \n                                     style=\"text-align:right;\" width=\"80%\" alt=\"Stay active app\">\n                            <\/a>\n                        <\/div>\n                        <div style=\"display:inline-block; width:15%;\">\n                            <a href=\"https:\/\/femijespecial.shkollatpershendetin.al\/\" target=\"_blank\" rel=\"noopener noreferrer\">\n                                <img decoding=\"async\" src=\"https:\/\/shkollatpershendetin.al\/wp-content\/uploads\/2022\/03\/femijetspecialok.png\" \n                                     style=\"text-align:right;\" width=\"80%\" alt=\"Special children app\">\n                            <\/a>\n                        <\/div>\n                    <\/div>\n                <\/div>\n            <\/td>\n        <\/tr>\n    <\/tbody>\n<\/table>","protected":false},"excerpt":{"rendered":"<p>&#8220;Shkollat P\u00ebr Sh\u00ebndetin N\u00eb Shifra&#8221; 1588 Shkolla mor\u00ebn pjes\u00eb n\u00eb vler\u00ebsimin e indeksit t\u00eb shkollave 51 ZVAP t\u00eb trajnuara p\u00ebr Indeksin Sh\u00ebndet\u00ebsor 120 Shkolla t\u00eb zgjedhura p\u00ebr nd\u00ebrhyrje t\u00eb thelluara 12 Qarqe pilot Portali GIS p\u00ebr Indeksin Sh\u00ebndet\u00ebsor t\u00eb Shkoll\u00ebs Le ti japim bot\u00ebs shpres\u00eb Tetori Roz\u00eb<\/p>","protected":false},"author":1,"featured_media":0,"parent":0,"menu_order":0,"comment_status":"closed","ping_status":"closed","template":"page-templates\/template-pagebuilder-full-width.php","meta":{"footnotes":""},"_links":{"self":[{"href":"https:\/\/shkollatpershendetin.al\/en\/wp-json\/wp\/v2\/pages\/901"}],"collection":[{"href":"https:\/\/shkollatpershendetin.al\/en\/wp-json\/wp\/v2\/pages"}],"about":[{"href":"https:\/\/shkollatpershendetin.al\/en\/wp-json\/wp\/v2\/types\/page"}],"author":[{"embeddable":true,"href":"https:\/\/shkollatpershendetin.al\/en\/wp-json\/wp\/v2\/users\/1"}],"replies":[{"embeddable":true,"href":"https:\/\/shkollatpershendetin.al\/en\/wp-json\/wp\/v2\/comments?post=901"}],"version-history":[{"count":41,"href":"https:\/\/shkollatpershendetin.al\/en\/wp-json\/wp\/v2\/pages\/901\/revisions"}],"predecessor-version":[{"id":2938,"href":"https:\/\/shkollatpershendetin.al\/en\/wp-json\/wp\/v2\/pages\/901\/revisions\/2938"}],"wp:attachment":[{"href":"https:\/\/shkollatpershendetin.al\/en\/wp-json\/wp\/v2\/media?parent=901"}],"curies":[{"name":"wp","href":"https:\/\/api.w.org\/{rel}","templated":true}]}}