{"id":799,"date":"2020-12-11T08:46:51","date_gmt":"2020-12-11T08:46:51","guid":{"rendered":"http:\/\/www.ictsolutions.co\/shkollatest\/?page_id=799"},"modified":"2021-11-03T08:11:05","modified_gmt":"2021-11-03T08:11:05","slug":"strategji-mbi-shendetin-e-femijeve-dhe-adoleshenteve-2","status":"publish","type":"page","link":"https:\/\/shkollatpershendetin.al\/en\/strategji-mbi-shendetin-e-femijeve-dhe-adoleshenteve-2\/","title":{"rendered":"Matterials"},"content":{"rendered":"<div class=\"wp-block-themeisle-blocks-advanced-columns has-1-columns has-desktop-equal-layout has-tablet-equal-layout has-mobile-equal-layout has-default-gap has-vertical-unset\" id=\"wp-block-themeisle-blocks-advanced-columns-69fa35a3\"><div class=\"wp-block-themeisle-blocks-advanced-columns-overlay\"><\/div><div class=\"innerblocks-wrap\">\n<div class=\"wp-block-themeisle-blocks-advanced-column\" id=\"wp-block-themeisle-blocks-advanced-column-98d5c6c8\">\n<!DOCTYPE html>\n<html>\n<head>\n<meta name=\"viewport\" content=\"width=device-width, initial-scale=1\">\n<style>\n* {\n  box-sizing: border-box;\n}\n\n\/* Create two equal columns that floats next to each other *\/\n.column {\n  float: left;\n  width: 50%;\n  padding: 10px;\n  \n}\n\n\/* Clear floats after the columns *\/\n.row:after {\n  content: \"\";\n  display: table;\n  clear: both;\n}\n\n\/* Responsive layout - makes the two columns stack on top of each other instead of next to each other *\/\n@media screen and (max-width: 600px) {\n  .column {\n    width: 100%;\n  }\n}\n<\/style>\n<\/head>\n<body>\n\n\n<div class=\"row\">\n  <div class=\"column\">\n    <a href=\"https:\/\/shkollatpershendetin.al\/wp-content\/uploads\/2021\/11\/UDHEZUES-PRAKTIK-PER-FEMIJET-E-MOSHES-SHKOLLORE-6-11-VJEC.pdf\" target=\"_blank\" rel=\"noopener noreferrer\">\n<img decoding=\"async\" border=\"0\" alt=\"UDH\u00cbZUES PRAKTIK P\u00cbR F\u00cbMIJ\u00cbT E MOSH\u00cbS SHKOLLORE 6-11 VJE\u00c7\" src=\"http:\/\/www.ictsolutions.co\/shkollatest\/wp-content\/uploads\/2020\/11\/Screenshot-52.png\">\n<\/a>\n  <\/div>\n  <div class=\"column\" >\n    <a href=\"https:\/\/shkollatpershendetin.al\/wp-content\/uploads\/2021\/11\/UDHEZUES-PRAKTIK-PER-FEMIJET-E-MOSHES-SHKOLLORE-12-15-VJEC.pdf\" target=\"_blank\" rel=\"noopener noreferrer\">\n<img decoding=\"async\" border=\"0\" alt=\"UDH\u00cbZUES PRAKTIK P\u00cbR F\u00cbMIJ\u00cbT E MOSH\u00cbS SHKOLLORE 12-15 VJE\u00c7\" src=\"http:\/\/www.ictsolutions.co\/shkollatest\/wp-content\/uploads\/2020\/11\/Screenshot-50.png\">\n<\/a>\n  <\/div>\n<\/div>\n\n<div class=\"row\">\n  <div class=\"column\" >\n    <a href=\"https:\/\/shkollatpershendetin.al\/wp-content\/uploads\/2021\/11\/NJE-MANUAL-PRAKTIK-PER-AUTORITETET-E-PUSHTETIT-VENDOR.pdf\" target=\"_blank\" rel=\"noopener noreferrer\">\n<img decoding=\"async\" border=\"0\" alt=\"NJ\u00cb MANUAL PRAKTIK P\u00cbR AUTORITETET E PUSHTETIT VENDOR\" src=\"http:\/\/www.ictsolutions.co\/shkollatest\/wp-content\/uploads\/2020\/12\/Screenshot-77.png\">\n<\/a>\n  <\/div>\n  <div class=\"column\">\n    <a href=\"https:\/\/shkollatpershendetin.al\/wp-content\/uploads\/2020\/12\/NJE-MANUAL-PRAKTIK-PER-MESUESIT-DHE-AUTORITETET-DREJTUESE-TE-SHKOLLAVE-9-VJECARE-.pdf\" target=\"_blank\" rel=\"noopener noreferrer\">\n<img decoding=\"async\" border=\"0\" alt=\"NJ\u00cb MANUAL PRAKTIK P\u00cbR M\u00cbSUESIT DHE AUTORITETET DREJTUESE T\u00cb SHKOLLAVE 9-VJE\u00c7ARE\" src=\"http:\/\/www.ictsolutions.co\/shkollatest\/wp-content\/uploads\/2020\/12\/Screenshot-79.png\">\n<\/a>\n  <\/div>\n<\/div>\n\n<div class=\"row\">\n  <div class=\"column\" >\n    <a href=\"https:\/\/shkollatpershendetin.al\/wp-content\/uploads\/2020\/12\/NJE-MANUAL-PRAKTIK-PER-PERSONELIN-SHENDETESOR-DHE-STAFIN-E-SHERBIMIT-PSIKO-SOCIAL-TE-SHKOLLAVE-9-VJECARE.pdf\" target=\"_blank\" rel=\"noopener noreferrer\">\n<img decoding=\"async\" border=\"0\" alt=\"NJ\u00cb MANUAL PRAKTIK P\u00cbR PERSONELIN SH\u00cbNDET\u00cbSOR DHE STAFIN E SH\u00cbRBIMIT PSIKO-SOCIAL T\u00cb SHKOLLAVE 9-VJE\u00c7ARE\" src=\"http:\/\/www.ictsolutions.co\/shkollatest\/wp-content\/uploads\/2020\/12\/Screenshot-74.png\">\n<\/a>\n  <\/div>\n  <div class=\"column\" >\n    <a href=\"https:\/\/shkollatpershendetin.al\/wp-content\/uploads\/2020\/12\/NJE-MAUAL-PRAKTIK-PER-PRINDERIT-KUJDESTARET-E-FEMIJEVE-TE-MOSHES-SHKOLLORE-6-15-VJEC.pdf\" target=\"_blank\" rel=\"noopener noreferrer\">\n<img decoding=\"async\" border=\"0\" alt=\"NJ\u00cb MANUAL PRAKTIK P\u00cbR PRIND\u00cbRIT\/ KUJDESTAR\u00cbT E F\u00cbMIJ\u00cbVE T\u00cb MOSH\u00cbS SHKOLLORE 6-15 VJE\u00c7\" src=\"http:\/\/www.ictsolutions.co\/shkollatest\/wp-content\/uploads\/2020\/12\/Screenshot-78.png\">\n<\/a>\n  <\/div>\n<\/div>\n\n<div class=\"row\">\n  <div class=\"column\" >\n    <a href=\"https:\/\/shkollatpershendetin.al\/wp-content\/uploads\/2020\/12\/NJE-MANUAL-PRAKTIK-PER-PUNONJESIT-E-PROMOCIONIT-SHENDETESOR-DHE-MJEKET-E-FAMILJES.pdf\" target=\"_blank\" rel=\"noopener noreferrer\">\n<img decoding=\"async\" border=\"0\" alt=\"NJ\u00cb MANUAL PRAKTIK P\u00cbR PUNONJ\u00cbSIT E PROMOCIONIT SH\u00cbNDET\u00cbSOR DHE MJEK\u00cbT E FAMILJES\" src=\"http:\/\/www.ictsolutions.co\/shkollatest\/wp-content\/uploads\/2020\/12\/Screenshot-76.png\">\n<\/a>\n  <\/div>\n  <div class=\"column\">\n    <a href=\"https:\/\/shendetesia.gov.al\/wp-content\/uploads\/2018\/08\/3_PLANI_I_VEPRIMIT_TE_SHENDETIT_FEMIJEVE_DHE_ADOLESHENTEVE_i_ripunuar_mars_09.pdf\" target=\"_blank\" rel=\"noopener noreferrer\">\n<img decoding=\"async\" border=\"0\" alt=\"STRATEGJI MBI SH\u00cbNDETIN E F\u00cbMIJ\u00cbVE DHE ADOLESHENT\u00cbVE\" src=\"http:\/\/www.ictsolutions.co\/shkollatest\/wp-content\/uploads\/2020\/11\/Screenshot-61.png\">\n<\/a>\n  <\/div>\n<\/div>\n\n<\/body>\n<\/html>\n<\/div>\n<\/div><\/div>\n\n\n\n<div class=\"wp-block-themeisle-blocks-advanced-columns has-2-columns has-desktop-equal-layout has-tablet-equal-layout has-mobile-collapsedRows-layout has-default-gap has-vertical-unset\" id=\"wp-block-themeisle-blocks-advanced-columns-a9510a64\"><div class=\"wp-block-themeisle-blocks-advanced-columns-overlay\"><\/div><div class=\"innerblocks-wrap\">\n<div class=\"wp-block-themeisle-blocks-advanced-column\" id=\"wp-block-themeisle-blocks-advanced-column-29a1823f\"><\/div>\n\n\n\n<div class=\"wp-block-themeisle-blocks-advanced-column\" id=\"wp-block-themeisle-blocks-advanced-column-5cd9fbb9\"><\/div>\n<\/div><\/div>\n\n\n\n<figure class=\"wp-block-gallery columns-0 is-cropped wp-block-gallery-1 is-layout-flex wp-block-gallery-is-layout-flex\"><ul class=\"blocks-gallery-grid\"><\/ul><\/figure>","protected":false},"excerpt":{"rendered":"","protected":false},"author":1,"featured_media":1555,"parent":0,"menu_order":0,"comment_status":"closed","ping_status":"closed","template":"page-templates\/template-fullwidth.php","meta":{"footnotes":""},"_links":{"self":[{"href":"https:\/\/shkollatpershendetin.al\/en\/wp-json\/wp\/v2\/pages\/799"}],"collection":[{"href":"https:\/\/shkollatpershendetin.al\/en\/wp-json\/wp\/v2\/pages"}],"about":[{"href":"https:\/\/shkollatpershendetin.al\/en\/wp-json\/wp\/v2\/types\/page"}],"author":[{"embeddable":true,"href":"https:\/\/shkollatpershendetin.al\/en\/wp-json\/wp\/v2\/users\/1"}],"replies":[{"embeddable":true,"href":"https:\/\/shkollatpershendetin.al\/en\/wp-json\/wp\/v2\/comments?post=799"}],"version-history":[{"count":2,"href":"https:\/\/shkollatpershendetin.al\/en\/wp-json\/wp\/v2\/pages\/799\/revisions"}],"predecessor-version":[{"id":1666,"href":"https:\/\/shkollatpershendetin.al\/en\/wp-json\/wp\/v2\/pages\/799\/revisions\/1666"}],"wp:featuredmedia":[{"embeddable":true,"href":"https:\/\/shkollatpershendetin.al\/en\/wp-json\/wp\/v2\/media\/1555"}],"wp:attachment":[{"href":"https:\/\/shkollatpershendetin.al\/en\/wp-json\/wp\/v2\/media?parent=799"}],"curies":[{"name":"wp","href":"https:\/\/api.w.org\/{rel}","templated":true}]}}