{"id":1851,"date":"2021-12-07T08:53:34","date_gmt":"2021-12-07T08:53:34","guid":{"rendered":"https:\/\/shkollatpershendetin.al\/?page_id=1851"},"modified":"2021-12-07T09:40:05","modified_gmt":"2021-12-07T09:40:05","slug":"mundesi-bashkepunimi","status":"publish","type":"page","link":"https:\/\/shkollatpershendetin.al\/en\/mundesi-bashkepunimi\/","title":{"rendered":"Mund\u00ebsi Bashk\u00ebpunimi"},"content":{"rendered":"<div class=\"wp-block-themeisle-blocks-advanced-columns has-1-columns has-desktop-equal-layout has-tablet-equal-layout has-mobile-equal-layout has-default-gap has-vertical-unset\" id=\"wp-block-themeisle-blocks-advanced-columns-e10146ff\"><div class=\"wp-block-themeisle-blocks-advanced-columns-overlay\"><\/div><div class=\"innerblocks-wrap\">\n<div class=\"wp-block-themeisle-blocks-advanced-column\" id=\"wp-block-themeisle-blocks-advanced-column-60ede868\">\n<p>Mund\u00ebsi Bashk\u00ebpunimi, ka fokus kryesor njoftimin me pozicionet e pun\u00ebve m\u00eb t\u00eb reja.<br>Kjo faqe \u00ebsht\u00eb vendi ku do t\u00eb njiheni me \u00e7do njoftim t\u00eb ri pune.<br>Ju mund t\u00eb nisni nj\u00eb karrier\u00eb t\u00eb re duke aplikuar n\u00eb pozicionet q\u00eb i perkasin sektor\u00ebve t\u00eb ndrysh\u00ebm.<br>Njoftimet jan\u00eb t\u00eb paraqitura sipas nj\u00eb rendi kronologjik nga postimi m\u00eb i ri e deri tek ai m\u00eb i vjet\u00ebr.<\/p>\n<\/div>\n<\/div><\/div>","protected":false},"excerpt":{"rendered":"","protected":false},"author":1,"featured_media":1354,"parent":0,"menu_order":0,"comment_status":"closed","ping_status":"closed","template":"","meta":{"footnotes":""},"_links":{"self":[{"href":"https:\/\/shkollatpershendetin.al\/en\/wp-json\/wp\/v2\/pages\/1851"}],"collection":[{"href":"https:\/\/shkollatpershendetin.al\/en\/wp-json\/wp\/v2\/pages"}],"about":[{"href":"https:\/\/shkollatpershendetin.al\/en\/wp-json\/wp\/v2\/types\/page"}],"author":[{"embeddable":true,"href":"https:\/\/shkollatpershendetin.al\/en\/wp-json\/wp\/v2\/users\/1"}],"replies":[{"embeddable":true,"href":"https:\/\/shkollatpershendetin.al\/en\/wp-json\/wp\/v2\/comments?post=1851"}],"version-history":[{"count":5,"href":"https:\/\/shkollatpershendetin.al\/en\/wp-json\/wp\/v2\/pages\/1851\/revisions"}],"predecessor-version":[{"id":1856,"href":"https:\/\/shkollatpershendetin.al\/en\/wp-json\/wp\/v2\/pages\/1851\/revisions\/1856"}],"wp:featuredmedia":[{"embeddable":true,"href":"https:\/\/shkollatpershendetin.al\/en\/wp-json\/wp\/v2\/media\/1354"}],"wp:attachment":[{"href":"https:\/\/shkollatpershendetin.al\/en\/wp-json\/wp\/v2\/media?parent=1851"}],"curies":[{"name":"wp","href":"https:\/\/api.w.org\/{rel}","templated":true}]}}