{"id":161,"date":"2020-11-02T10:55:11","date_gmt":"2020-11-02T10:55:11","guid":{"rendered":"http:\/\/www.ictsolutions.co\/shkollatest\/?page_id=161"},"modified":"2021-10-20T08:42:37","modified_gmt":"2021-10-20T08:42:37","slug":"qasja-e-shkollave","status":"publish","type":"page","link":"https:\/\/shkollatpershendetin.al\/en\/qasja-e-shkollave\/","title":{"rendered":"The School Approach"},"content":{"rendered":"<blockquote class=\"wp-block-quote is-layout-flow wp-block-quote-is-layout-flow\"><p><strong>Krijoni mjedise t\u00eb sh\u00ebndetshme dhe mb\u00ebshtet\u00ebse<\/strong><br><strong><br><\/strong>Nj\u00eb qasje e t\u00ebr\u00eb shkoll\u00ebs pranon q\u00eb t\u00eb gjitha aspektet e komunitetit shkollor mund t\u00eb ndikojn\u00eb n\u00eb sh\u00ebndetin dhe mir\u00ebqenien e student\u00ebve dhe se t\u00eb m\u00ebsuarit dhe sh\u00ebndeti jan\u00eb t\u00eb lidhura. Ai rekomandon q\u00eb t\u00eb p\u00ebrqendrohemi n\u00eb gjasht\u00eb komponent\u00eb n\u00eb m\u00ebnyr\u00eb q\u00eb t\u00eb k\u00ebrkojm\u00eb t\u00eb arrijm\u00eb nj\u00eb qasje t\u00eb t\u00ebr\u00eb shkoll\u00ebs.<\/p><\/blockquote>\n\n\n\n<ol><li>Politikat e sh\u00ebndetshme t\u00eb shkoll\u00ebs jan\u00eb dokumente t\u00eb p\u00ebrcaktuara qart\u00eb ose n\u00eb praktik\u00ebn e pranuar q\u00eb jan\u00eb krijuar p\u00ebr t\u00eb promovuar sh\u00ebndetin dhe mir\u00ebqenien. K\u00ebto politika mund t\u00eb rregullojn\u00eb se cilat ushqime mund t\u00eb sh\u00ebrbehen n\u00eb shkoll\u00eb ose p\u00ebrshkruajn\u00eb m\u00ebnyr\u00ebn e parandalimit ose adresimit t\u00eb ngacmimeve n\u00eb shkoll\u00eb. Politikat jan\u00eb pjes\u00eb e planit shkollor.<br><br><\/li><li>Mjedisi fizik i shkoll\u00ebs p\u00ebrfshin nd\u00ebrtesat, mjediset dhe mjediset shkollore. P\u00ebr shembull, krijimi i nj\u00eb mjedisi t\u00eb sh\u00ebndetsh\u00ebm fizik mund t\u00eb p\u00ebrfshij\u00eb b\u00ebrjen e terrenit shkollor m\u00eb t\u00ebrheq\u00ebs p\u00ebr rekreacion dhe aktivitet fizik.<br><br><\/li><li>Mjedisi shoq\u00ebror i shkoll\u00ebs lidhet me cil\u00ebsin\u00eb e marr\u00ebdh\u00ebnieve nd\u00ebrmjet dhe midis an\u00ebtar\u00ebve t\u00eb komunitetit shkollor, p.sh., midis student\u00ebve dhe student\u00ebve dhe stafit t\u00eb shkoll\u00ebs. Mjedisi shoq\u00ebror ndikohet nga marr\u00ebdh\u00ebniet me prind\u00ebrit dhe komunitetin m\u00eb t\u00eb gjer\u00eb.<br><br><\/li><li>Shkatht\u00ebsit\u00eb individuale sh\u00ebndet\u00ebsore dhe kompetencat e veprimit mund t\u00eb promovohen p\u00ebrmes kurrikul\u00ebs, t\u00eb tilla si p\u00ebrmes edukimit sh\u00ebndet\u00ebsor shkollor dhe p\u00ebrmes aktiviteteve q\u00eb zhvillojn\u00eb njohuri dhe aft\u00ebsi t\u00eb cilat u mund\u00ebsojn\u00eb student\u00ebve t\u00eb nd\u00ebrtojn\u00eb aft\u00ebsi dhe t\u00eb nd\u00ebrmarrin veprime n\u00eb lidhje me sh\u00ebndetin, mir\u00ebqenien dhe arritjet arsimore.<br><br><\/li><li>Lidhjet e komunitetit jan\u00eb lidhje midis shkoll\u00ebs dhe familjeve t\u00eb nx\u00ebn\u00ebsve dhe shkoll\u00ebs dhe grupeve \/ individ\u00ebve kryesor\u00eb n\u00eb komunitetin p\u00ebrreth. Konsultimi dhe bashk\u00ebpunimi me pal\u00ebt e interesuara t\u00eb komunitetit do t\u00eb mb\u00ebshtesin p\u00ebrpjekjet shkollore p\u00ebr promovimin e sh\u00ebndetit dhe do t\u00eb mb\u00ebshtesin komunitetin shkollor n\u00eb veprimet e tyre p\u00ebr promovimin e sh\u00ebndetit.<br><br><\/li><li>Sh\u00ebrbimet sh\u00ebndet\u00ebsore jan\u00eb sh\u00ebrbimet sh\u00ebndet\u00ebsore lokale ose rajonale t\u00eb sh\u00ebndetit ose sh\u00ebrbimet e lidhura me shkoll\u00ebn q\u00eb jan\u00eb p\u00ebrgjegj\u00ebse p\u00ebr kujdesin sh\u00ebndet\u00ebsor t\u00eb student\u00ebve dhe promovimin e sh\u00ebndetit duke ofruar sh\u00ebrbime t\u00eb drejtp\u00ebrdrejta t\u00eb student\u00ebve. Kjo p\u00ebrfshin student\u00ebt me nevoja t\u00eb ve\u00e7anta. Punonj\u00ebsit e sh\u00ebrbimit sh\u00ebndet\u00ebsor mund t\u00eb punojn\u00eb me m\u00ebsuesit p\u00ebr \u00e7\u00ebshtje specifike, p.sh., higjena dhe edukimi seksual.<\/li><\/ol>","protected":false},"excerpt":{"rendered":"<p>Krijoni mjedise t\u00eb sh\u00ebndetshme dhe mb\u00ebshtet\u00ebseNj\u00eb qasje e t\u00ebr\u00eb shkoll\u00ebs pranon q\u00eb t\u00eb gjitha aspektet e komunitetit shkollor mund t\u00eb ndikojn\u00eb n\u00eb sh\u00ebndetin dhe mir\u00ebqenien e student\u00ebve dhe se t\u00eb m\u00ebsuarit dhe sh\u00ebndeti jan\u00eb t\u00eb lidhura. Ai rekomandon q\u00eb t\u00eb p\u00ebrqendrohemi n\u00eb gjasht\u00eb komponent\u00eb n\u00eb m\u00ebnyr\u00eb q\u00eb t\u00eb k\u00ebrkojm\u00eb t\u00eb [&hellip;]<\/p>","protected":false},"author":1,"featured_media":1550,"parent":0,"menu_order":0,"comment_status":"closed","ping_status":"closed","template":"","meta":{"footnotes":""},"_links":{"self":[{"href":"https:\/\/shkollatpershendetin.al\/en\/wp-json\/wp\/v2\/pages\/161"}],"collection":[{"href":"https:\/\/shkollatpershendetin.al\/en\/wp-json\/wp\/v2\/pages"}],"about":[{"href":"https:\/\/shkollatpershendetin.al\/en\/wp-json\/wp\/v2\/types\/page"}],"author":[{"embeddable":true,"href":"https:\/\/shkollatpershendetin.al\/en\/wp-json\/wp\/v2\/users\/1"}],"replies":[{"embeddable":true,"href":"https:\/\/shkollatpershendetin.al\/en\/wp-json\/wp\/v2\/comments?post=161"}],"version-history":[{"count":0,"href":"https:\/\/shkollatpershendetin.al\/en\/wp-json\/wp\/v2\/pages\/161\/revisions"}],"wp:featuredmedia":[{"embeddable":true,"href":"https:\/\/shkollatpershendetin.al\/en\/wp-json\/wp\/v2\/media\/1550"}],"wp:attachment":[{"href":"https:\/\/shkollatpershendetin.al\/en\/wp-json\/wp\/v2\/media?parent=161"}],"curies":[{"name":"wp","href":"https:\/\/api.w.org\/{rel}","templated":true}]}}