{"id":158,"date":"2020-11-02T10:52:27","date_gmt":"2020-11-02T10:52:27","guid":{"rendered":"http:\/\/www.ictsolutions.co\/shkollatest\/?page_id=158"},"modified":"2021-10-20T08:34:05","modified_gmt":"2021-10-20T08:34:05","slug":"koncepte-te-shendetit","status":"publish","type":"page","link":"https:\/\/shkollatpershendetin.al\/en\/koncepte-te-shendetit\/","title":{"rendered":"Concepts of Health"},"content":{"rendered":"<p><em><strong>Sh\u00ebndeti n\u00ebnkupton shum\u00eb aspekte.<br \/>\n<\/strong><\/em><br \/>\nSh\u00ebndeti arrihet p\u00ebrmes bashk\u00ebveprimit midis njer\u00ebzve dhe mjedisit t\u00eb tyre. Prandaj, shkollat \u200b\u200bq\u00eb promovojn\u00eb sh\u00ebndetin kan\u00eb nj\u00eb kuptim t\u00eb gjer\u00eb t\u00eb sh\u00ebndetit dhe pasqyrojn\u00eb se si faktor\u00ebt individual\u00eb ashtu edhe ata mjedisor\u00eb po ndikojn\u00eb n\u00eb sh\u00ebndetin dhe mir\u00ebqenien.<\/p>\n<p>Nuk ka nj\u00eb p\u00ebrkufizim t\u00eb vet\u00ebm t\u00eb sh\u00ebndetit. Sidoqoft\u00eb, sh\u00ebndeti mund t\u00eb p\u00ebrshkruhet si &#8220;nj\u00eb gjendje e mir\u00ebqenies s\u00eb plot\u00eb fizike, mendore dhe shoq\u00ebrore dhe jo thjesht mungesa e s\u00ebmundjes ose s\u00ebmundjes&#8221; (OBSH 1946)<\/p>\n<p>Stili i jet\u00ebs dhe kushtet e jetes\u00ebs jan\u00eb dy faktor\u00eb t\u00eb r\u00ebnd\u00ebsish\u00ebm n\u00eb sh\u00ebndet si nj\u00eb koncept i gjer\u00eb.<\/p>\n<p>Stili i jet\u00ebs p\u00ebrfshin sjelljet dhe zakonet sh\u00ebndet\u00ebsore t\u00eb tilla si dieta, ushtrimet fizike, p\u00ebrdorimi i substancave dhe sjellja seksuale. Individ\u00ebt shpesh kan\u00eb nj\u00eb ndikim n\u00eb zgjedhjet e tyre t\u00eb jetes\u00ebs.<\/p>\n<p>Kushtet e jetes\u00ebs i referohen mjediseve ku njer\u00ebzit jetojn\u00eb dhe punojn\u00eb, si dhe m\u00ebnyr\u00ebs se si mjedisi p\u00ebrreth dhe shoq\u00ebria ndikojn\u00eb n\u00eb jet\u00ebn e nj\u00eb individi. Kushtet e jetes\u00ebs mund t\u00eb jen\u00eb t\u00eb v\u00ebshtira, por jo edhe t\u00eb pamundura p\u00ebr t&#8217;u ndryshuar, dhe kjo \u00ebsht\u00eb e r\u00ebnd\u00ebsishme q\u00eb t\u00eb p\u00ebrpiqemi t\u00eb p\u00ebrmir\u00ebsojm\u00eb.<\/p>\n<p>M\u00ebnyra e jetes\u00ebs dhe kushtet e jetes\u00ebs jan\u00eb t\u00eb nd\u00ebrlidhura. P\u00ebr shembull, t\u00eb jetosh n\u00eb nj\u00eb lagje t\u00eb sigurt, ku ka vende p\u00ebr f\u00ebmij\u00eb p\u00ebr t\u00eb luajtur jasht\u00eb rrit gjasat q\u00eb f\u00ebmij\u00ebt t\u00eb marrin aktivitet t\u00eb mjaftuesh\u00ebm fizik.<\/p>\n<p><img loading=\"lazy\" decoding=\"async\" src=\"http:\/\/www.ictsolutions.co\/shkollatest\/wp-content\/uploads\/2020\/11\/healthy-lifestyle-clipart-300x262.jpg\" alt=\"\" width=\"471\" height=\"411\" class=\"wp-image-362 aligncenter\" srcset=\"https:\/\/shkollatpershendetin.al\/wp-content\/uploads\/2020\/11\/healthy-lifestyle-clipart-300x262.jpg 300w, https:\/\/shkollatpershendetin.al\/wp-content\/uploads\/2020\/11\/healthy-lifestyle-clipart-600x524.jpg 600w, https:\/\/shkollatpershendetin.al\/wp-content\/uploads\/2020\/11\/healthy-lifestyle-clipart.jpg 612w\" sizes=\"(max-width: 471px) 100vw, 471px\" \/><\/p>","protected":false},"excerpt":{"rendered":"<p>Sh\u00ebndeti n\u00ebnkupton shum\u00eb aspekte. Sh\u00ebndeti arrihet p\u00ebrmes bashk\u00ebveprimit midis njer\u00ebzve dhe mjedisit t\u00eb tyre. Prandaj, shkollat \u200b\u200bq\u00eb promovojn\u00eb sh\u00ebndetin kan\u00eb nj\u00eb kuptim t\u00eb gjer\u00eb t\u00eb sh\u00ebndetit dhe pasqyrojn\u00eb se si faktor\u00ebt individual\u00eb ashtu edhe ata mjedisor\u00eb po ndikojn\u00eb n\u00eb sh\u00ebndetin dhe mir\u00ebqenien. Nuk ka nj\u00eb p\u00ebrkufizim t\u00eb vet\u00ebm t\u00eb sh\u00ebndetit. [&hellip;]<\/p>","protected":false},"author":1,"featured_media":1547,"parent":0,"menu_order":0,"comment_status":"closed","ping_status":"closed","template":"","meta":{"footnotes":""},"_links":{"self":[{"href":"https:\/\/shkollatpershendetin.al\/en\/wp-json\/wp\/v2\/pages\/158"}],"collection":[{"href":"https:\/\/shkollatpershendetin.al\/en\/wp-json\/wp\/v2\/pages"}],"about":[{"href":"https:\/\/shkollatpershendetin.al\/en\/wp-json\/wp\/v2\/types\/page"}],"author":[{"embeddable":true,"href":"https:\/\/shkollatpershendetin.al\/en\/wp-json\/wp\/v2\/users\/1"}],"replies":[{"embeddable":true,"href":"https:\/\/shkollatpershendetin.al\/en\/wp-json\/wp\/v2\/comments?post=158"}],"version-history":[{"count":0,"href":"https:\/\/shkollatpershendetin.al\/en\/wp-json\/wp\/v2\/pages\/158\/revisions"}],"wp:featuredmedia":[{"embeddable":true,"href":"https:\/\/shkollatpershendetin.al\/en\/wp-json\/wp\/v2\/media\/1547"}],"wp:attachment":[{"href":"https:\/\/shkollatpershendetin.al\/en\/wp-json\/wp\/v2\/media?parent=158"}],"curies":[{"name":"wp","href":"https:\/\/api.w.org\/{rel}","templated":true}]}}