{"id":152,"date":"2020-11-02T10:10:32","date_gmt":"2020-11-02T10:10:32","guid":{"rendered":"http:\/\/www.ictsolutions.co\/shkollatest\/?page_id=152"},"modified":"2023-04-12T12:57:08","modified_gmt":"2023-04-12T12:57:08","slug":"koncepte","status":"publish","type":"page","link":"https:\/\/shkollatpershendetin.al\/en\/koncepte\/","title":{"rendered":"Koncepte"},"content":{"rendered":"<section class=\"wp-block-themeisle-blocks-advanced-columns alignfull has-2-columns has-desktop-equal-layout has-tablet-equal-layout has-mobile-collapsedRows-layout has-nogap-gap has-vertical-flex-start\" id=\"wp-block-themeisle-blocks-advanced-columns-ccfdd483\"><div class=\"wp-block-themeisle-blocks-advanced-columns-overlay\"><\/div><div class=\"innerblocks-wrap\">\n<div class=\"wp-block-themeisle-blocks-advanced-column\" id=\"wp-block-themeisle-blocks-advanced-column-5e80d468\">\n<h2 class=\"has-text-align-center\">Values<\/h2>\n<div class=\"wp-block-buttons is-content-justification-center\">\n<div class=\"wp-block-button is-style-primary is-style-fill\"><a class=\"wp-block-button__link has-white-color has-accent-background-color has-text-color has-background\" href=\"https:\/\/shkollatpershendetin.al\/en\/vlera\/\" target=\"_blank\" rel=\"http:\/\/www.ictsolutions.co\/shkollatest\/vlera\/ noopener noreferrer\">Lexo m\u00eb tep\u00ebr<\/a><\/div>\n<\/div>\n<\/div>\n<div class=\"wp-block-themeisle-blocks-advanced-column\" id=\"wp-block-themeisle-blocks-advanced-column-db653346\">\n<figure class=\"wp-block-image size-full is-style-default\"><img decoding=\"async\" src=\"https:\/\/shkollatpershendetin.al\/wp-content\/uploads\/2021\/10\/Vlerat.jpg\" alt=\"\" class=\"wp-image-284\"\/><\/figure>\n<\/div>\n<\/div><\/section>\n\n\n\n<section class=\"wp-block-themeisle-blocks-advanced-columns alignfull has-2-columns has-desktop-equal-layout has-tablet-equal-layout has-mobile-collapsedRows-layout has-nogap-gap has-vertical-flex-start\" id=\"wp-block-themeisle-blocks-advanced-columns-bfae94af\"><div class=\"wp-block-themeisle-blocks-advanced-columns-overlay\"><\/div><div class=\"innerblocks-wrap\">\n<div class=\"wp-block-themeisle-blocks-advanced-column\" id=\"wp-block-themeisle-blocks-advanced-column-22469e90\">\n<h2 class=\"has-text-align-center\">Concepts of Health<\/h2>\n<div class=\"wp-block-buttons is-content-justification-center\">\n<div class=\"wp-block-button is-style-primary\"><a class=\"wp-block-button__link has-accent-background-color has-background\" href=\"https:\/\/shkollatpershendetin.al\/en\/koncepte-te-shendetit\/\" target=\"_blank\" rel=\"noreferrer noopener\">Lexo m\u00eb tep\u00ebr<\/a><\/div>\n<\/div>\n<\/div>\n<div class=\"wp-block-themeisle-blocks-advanced-column\" id=\"wp-block-themeisle-blocks-advanced-column-88eef7ec\">\n<div class=\"wp-block-image\"><figure class=\"aligncenter size-full\"><img decoding=\"async\" src=\"https:\/\/shkollatpershendetin.al\/wp-content\/uploads\/2021\/10\/Koncepte-Te-Shendetit.jpg\" alt=\"\" class=\"wp-image-159\"\/><\/figure><\/div>\n<\/div>\n<\/div><\/section>\n\n\n\n<section class=\"wp-block-themeisle-blocks-advanced-columns alignfull has-2-columns has-desktop-equal-layout has-tablet-equal-layout has-mobile-collapsedRows-layout has-nogap-gap has-vertical-flex-start\" id=\"wp-block-themeisle-blocks-advanced-columns-ef65b054\"><div class=\"wp-block-themeisle-blocks-advanced-columns-overlay\"><\/div><div class=\"innerblocks-wrap\">\n<div class=\"wp-block-themeisle-blocks-advanced-column\" id=\"wp-block-themeisle-blocks-advanced-column-1c369a72\">\n<h2 class=\"has-text-align-center\">The School Approach<\/h2>\n<div class=\"wp-block-buttons is-content-justification-center\">\n<div class=\"wp-block-button is-style-primary\"><a class=\"wp-block-button__link has-accent-background-color has-background\" href=\"https:\/\/shkollatpershendetin.al\/en\/qasja-e-shkollave\/\" target=\"_blank\" rel=\"noreferrer noopener\">Lexo m\u00eb tep\u00ebr<\/a><\/div>\n<\/div>\n<\/div>\n<div class=\"wp-block-themeisle-blocks-advanced-column\" id=\"wp-block-themeisle-blocks-advanced-column-06d5b5c5\">\n<div class=\"wp-block-image\"><figure class=\"aligncenter size-large\"><img decoding=\"async\" src=\"https:\/\/shkollatpershendetin.al\/wp-content\/uploads\/2021\/10\/Qasja-e-Shkollave.jpg\" alt=\"\" class=\"wp-image-1421\"\/><\/figure><\/div>\n<\/div>\n<\/div><\/section>\n\n\n\n<section class=\"wp-block-themeisle-blocks-advanced-columns alignfull has-2-columns has-desktop-equal-layout has-tablet-equal-layout has-mobile-collapsedRows-layout has-nogap-gap has-vertical-flex-start\" id=\"wp-block-themeisle-blocks-advanced-columns-d6677562\"><div class=\"wp-block-themeisle-blocks-advanced-columns-overlay\"><\/div><div class=\"innerblocks-wrap\">\n<div class=\"wp-block-themeisle-blocks-advanced-column\" id=\"wp-block-themeisle-blocks-advanced-column-70cb7131\">\n<h2 class=\"has-text-align-center\">Empowerment<\/h2>\n<div class=\"wp-block-buttons is-content-justification-center\">\n<div class=\"wp-block-button is-style-primary\"><a class=\"wp-block-button__link has-accent-background-color has-background\" href=\"https:\/\/shkollatpershendetin.al\/en\/fuqizimi\/\" target=\"_blank\" rel=\"noreferrer noopener\">Lexo m\u00eb tep\u00ebr<\/a><\/div>\n<\/div>\n<\/div>\n<div class=\"wp-block-themeisle-blocks-advanced-column\" id=\"wp-block-themeisle-blocks-advanced-column-aa8dd73f\">\n<div class=\"wp-block-image\"><figure class=\"aligncenter size-large\"><img decoding=\"async\" src=\"https:\/\/shkollatpershendetin.al\/wp-content\/uploads\/2021\/10\/Fuqizimi.jpg\" alt=\"\" class=\"wp-image-1423\"\/><\/figure><\/div>\n<\/div>\n<\/div><\/section>\n\n\n\n<section class=\"wp-block-themeisle-blocks-advanced-columns alignfull has-2-columns has-desktop-equal-layout has-tablet-equal-layout has-mobile-collapsedRows-layout has-nogap-gap has-vertical-flex-start\" id=\"wp-block-themeisle-blocks-advanced-columns-7229bcd9\"><div class=\"wp-block-themeisle-blocks-advanced-columns-overlay\"><\/div><div class=\"innerblocks-wrap\">\n<div class=\"wp-block-themeisle-blocks-advanced-column\" id=\"wp-block-themeisle-blocks-advanced-column-edd4c6dc\">\n<h2 class=\"has-text-align-center\">Participation<\/h2>\n<div class=\"wp-block-buttons is-content-justification-center\">\n<div class=\"wp-block-button is-style-primary\"><a class=\"wp-block-button__link has-accent-background-color has-background\" href=\"https:\/\/shkollatpershendetin.al\/en\/pjesemarrja\/\" target=\"_blank\" rel=\"noreferrer noopener\">Lexo m\u00eb tep\u00ebr<\/a><\/div>\n<\/div>\n<\/div>\n<div class=\"wp-block-themeisle-blocks-advanced-column\" id=\"wp-block-themeisle-blocks-advanced-column-8ec1a9d4\">\n<div class=\"wp-block-image\"><figure class=\"aligncenter size-full\"><img decoding=\"async\" src=\"https:\/\/shkollatpershendetin.al\/wp-content\/uploads\/2021\/10\/Pjesemarrja.jpg\" alt=\"\" class=\"wp-image-169\"\/><\/figure><\/div>\n<\/div>\n<\/div><\/section>","protected":false},"excerpt":{"rendered":"<p>Vlerat Lexo m\u00eb tep\u00ebr Koncepte t\u00eb sh\u00ebndetit Lexo m\u00eb tep\u00ebr Qasja e shkollave Lexo m\u00eb tep\u00ebr Fuqizimi Lexo m\u00eb tep\u00ebr Pjes\u00ebmarrja Lexo m\u00eb tep\u00ebr<\/p>","protected":false},"author":1,"featured_media":1548,"parent":0,"menu_order":0,"comment_status":"closed","ping_status":"closed","template":"","meta":{"footnotes":""},"_links":{"self":[{"href":"https:\/\/shkollatpershendetin.al\/en\/wp-json\/wp\/v2\/pages\/152"}],"collection":[{"href":"https:\/\/shkollatpershendetin.al\/en\/wp-json\/wp\/v2\/pages"}],"about":[{"href":"https:\/\/shkollatpershendetin.al\/en\/wp-json\/wp\/v2\/types\/page"}],"author":[{"embeddable":true,"href":"https:\/\/shkollatpershendetin.al\/en\/wp-json\/wp\/v2\/users\/1"}],"replies":[{"embeddable":true,"href":"https:\/\/shkollatpershendetin.al\/en\/wp-json\/wp\/v2\/comments?post=152"}],"version-history":[{"count":3,"href":"https:\/\/shkollatpershendetin.al\/en\/wp-json\/wp\/v2\/pages\/152\/revisions"}],"predecessor-version":[{"id":2549,"href":"https:\/\/shkollatpershendetin.al\/en\/wp-json\/wp\/v2\/pages\/152\/revisions\/2549"}],"wp:featuredmedia":[{"embeddable":true,"href":"https:\/\/shkollatpershendetin.al\/en\/wp-json\/wp\/v2\/media\/1548"}],"wp:attachment":[{"href":"https:\/\/shkollatpershendetin.al\/en\/wp-json\/wp\/v2\/media?parent=152"}],"curies":[{"name":"wp","href":"https:\/\/api.w.org\/{rel}","templated":true}]}}