{"id":1350,"date":"2021-08-27T15:36:37","date_gmt":"2021-08-27T15:36:37","guid":{"rendered":"http:\/\/shkollatpershendetin.info\/?page_id=1350"},"modified":"2023-10-18T09:54:21","modified_gmt":"2023-10-18T09:54:21","slug":"vende-vakante","status":"publish","type":"page","link":"https:\/\/shkollatpershendetin.al\/en\/vende-vakante\/","title":{"rendered":"Mund\u00ebsi Bashk\u00ebpunimi"},"content":{"rendered":"<figure class=\"wp-block-table is-style-stripes\"><table><tbody>\n<tr>\n<td style=\"text-align:center;\"><a href=\"https:\/\/shkollatpershendetin.al\/wp-content\/uploads\/2023\/10\/Vacancy-Announcement-and-JD-MEAL-and-communication-Officer.pdf\" target=\"_blank\" rel=\"noopener\"><img decoding=\"async\" src=\"https:\/\/shkollatpershendetin.al\/wp-content\/uploads\/2021\/11\/pdf-file.png\"><br>Vend Vakant<\/a><\/td><td style=\"text-align:left;\">Monitoring, evaluation, communication, and advocacy officer Albania National Office\n<br>\nAfati i aplikimit: 24 Tetor 2023<br>\nKontakt: <a href=\"mailto: shkollat.per.shendetin@savethechildren.org\">  shkollat.per.shendetin@savethechildren.org <\/a><\/td><\/tr>\n<tr>\n<td style=\"text-align:center;\"><a href=\"https:\/\/albania.savethechildren.net\/sites\/albania.savethechildren.net\/files\/JD%20of%20ME%20and%20advocacy%20expert%20SpS%20f.pdf\" target=\"_blank\" rel=\"noopener\"><img decoding=\"async\" src=\"https:\/\/shkollatpershendetin.al\/wp-content\/uploads\/2021\/11\/pdf-file.png\"><br>Vend Vakant<\/a><\/td><td style=\"text-align:left;\">Projekti &#8220;Shkollat p\u00ebr Sh\u00ebndetin&#8221; fton aplikant\u00eb t\u00eb interesuar pozicionin e oficerit t\u00eb Monitorimit, Vler\u00ebsimit, Komunikimit dhe Advokacis\u00eb.\n<br>\nAfati i aplikimit: 27 Prill 2022 ora 16:00<br>\nKontakt: <a href=\"mailto: shkollat.per.shendetin@savethechildren.org\">  shkollat.per.shendetin@savethechildren.org <\/a><\/td><\/tr>\n<tr>\n<td style=\"text-align:center;\"><a href=\"https:\/\/shkollatpershendetin.al\/wp-content\/uploads\/2021\/11\/Vacancy-Announcement-and-JD-Education-Expert1.pdf\" target=\"_blank\" rel=\"noopener\"><img decoding=\"async\" src=\"https:\/\/shkollatpershendetin.al\/wp-content\/uploads\/2021\/11\/pdf-file.png\"><br>Vend Vakant<\/a><\/td><td style=\"text-align:left;\">&#8220;Shkollat p\u00ebr Sh\u00ebndetin&#8221; project is inviting applications on Education Expert<br>\nAfati i aplikimit: 14 Dhjetor 2021 at 16:00 Local Time <br>\nKontakt: <a href=\"mailto: info.albania@savethechildren.org\"> info.albania@savethechildren.org <\/a><\/td>\n<\/tr>\n<\/tbody><\/table><\/figure>\n\n\n\n<p><\/p>","protected":false},"excerpt":{"rendered":"<p>Vend Vakant Monitoring, evaluation, communication, and advocacy officer Albania National Office Afati i aplikimit: 24 Tetor 2023 Kontakt: shkollat.per.shendetin@savethechildren.org Vend Vakant Projekti &#8220;Shkollat p\u00ebr Sh\u00ebndetin&#8221; fton aplikant\u00eb t\u00eb interesuar pozicionin e oficerit t\u00eb Monitorimit, Vler\u00ebsimit, Komunikimit dhe Advokacis\u00eb. Afati i aplikimit: 27 Prill 2022 ora 16:00 Kontakt: shkollat.per.shendetin@savethechildren.org Vend Vakant [&hellip;]<\/p>","protected":false},"author":1,"featured_media":1354,"parent":0,"menu_order":0,"comment_status":"closed","ping_status":"closed","template":"","meta":{"footnotes":""},"_links":{"self":[{"href":"https:\/\/shkollatpershendetin.al\/en\/wp-json\/wp\/v2\/pages\/1350"}],"collection":[{"href":"https:\/\/shkollatpershendetin.al\/en\/wp-json\/wp\/v2\/pages"}],"about":[{"href":"https:\/\/shkollatpershendetin.al\/en\/wp-json\/wp\/v2\/types\/page"}],"author":[{"embeddable":true,"href":"https:\/\/shkollatpershendetin.al\/en\/wp-json\/wp\/v2\/users\/1"}],"replies":[{"embeddable":true,"href":"https:\/\/shkollatpershendetin.al\/en\/wp-json\/wp\/v2\/comments?post=1350"}],"version-history":[{"count":17,"href":"https:\/\/shkollatpershendetin.al\/en\/wp-json\/wp\/v2\/pages\/1350\/revisions"}],"predecessor-version":[{"id":2678,"href":"https:\/\/shkollatpershendetin.al\/en\/wp-json\/wp\/v2\/pages\/1350\/revisions\/2678"}],"wp:featuredmedia":[{"embeddable":true,"href":"https:\/\/shkollatpershendetin.al\/en\/wp-json\/wp\/v2\/media\/1354"}],"wp:attachment":[{"href":"https:\/\/shkollatpershendetin.al\/en\/wp-json\/wp\/v2\/media?parent=1350"}],"curies":[{"name":"wp","href":"https:\/\/api.w.org\/{rel}","templated":true}]}}