{"id":155,"date":"2020-11-02T10:13:57","date_gmt":"2020-11-02T10:13:57","guid":{"rendered":"http:\/\/www.ictsolutions.co\/shkollatest\/?page_id=155"},"modified":"2021-10-25T07:50:44","modified_gmt":"2021-10-25T07:50:44","slug":"vlera","status":"publish","type":"page","link":"https:\/\/shkollatpershendetin.al\/al\/vlera\/","title":{"rendered":"Vlera"},"content":{"rendered":"<h3 style=\"text-align: left;\"><strong><span style=\"color: #56add7;\">Vlerat thelb\u00ebsore t\u00eb projektit &#8220;Shkollat P\u00ebr Sh\u00ebndetin&#8221;<\/span><\/strong><\/h3>\n<ul class=\"fa-ul\" style=\"text-align: left;\">\n<li><span class=\"fa-li\"><i class=\"fas fa-check\" style=\"color: #56add7;\"><\/i><\/span><em><strong>Barazia gjinore.<\/strong><\/em>Ofrimi i shanseve te barabarta per t\u00eb gjith\u00eb f\u00ebmij\u00ebt qofshin djem apo vajza apo p\u00ebr t\u00eb gjith\u00eb prind\u00ebrit qofshin burra apo gra p\u00ebr t\u00eb marr\u00eb pjes\u00eb n\u00eb aktivitetet e projektit.<\/li>\n<li><span class=\"fa-li\"><i class=\"fas fa-check\" style=\"color: #56add7;\"><\/i><\/span><em><strong>Q\u00ebndrueshm\u00ebria<\/strong><\/em>. Sh\u00ebndeti, arsimi dhe zhvillimi jan\u00eb t\u00eb lidhura. Aktivitetet dhe programet zbatohen n\u00eb nj\u00eb m\u00ebnyr\u00eb sistematike p\u00ebr nj\u00eb periudh\u00eb t\u00eb zgjatur.<\/li>\n<li><span class=\"fa-li\"><i class=\"fas fa-check\" style=\"color: #56add7;\"><\/i><\/span><em><strong>P\u00ebrfshirja sociale. &#8211; <\/strong><\/em>Projekti \u00ebsht\u00eb i prirur t\u00eb p\u00ebrfshij\u00eb n\u00eb t\u00eb gjitha aktivitetet grupet e margjinalizuara t\u00eb shoq\u00ebris\u00eb si:\n<ul>\n<li>T\u00eb gjith\u00eb f\u00ebmij\u00ebt dhe prind\u00ebrit me nevoja t\u00eb ve\u00e7anta apo aft\u00ebsi t\u00eb kufizuara,<\/li>\n<li>Komuniteti Rom dhe Egjiptian,<\/li>\n<li>Familje me mund\u00ebsi t\u00eb pakta dhe ndihm\u00eb ekonomike<\/li>\n<li>F\u00ebmij\u00eb apo prind\u00ebr q\u00eb jetojn\u00eb n\u00eb zona t\u00eb thella rurale<\/li>\n<\/ul>\n<\/li>\n<li><span class=\"fa-li\"><i class=\"fas fa-check\" style=\"color: #56add7;\"><\/i><\/span><em><strong>Fuqizimi<\/strong><\/em>. T\u00eb gjith\u00eb an\u00ebtar\u00ebt e komunitetit shkollor jan\u00eb t\u00eb p\u00ebrfshir\u00eb n\u00eb m\u00ebnyr\u00eb aktive.<\/li>\n<li><span class=\"fa-li\"><i class=\"fas fa-check\" style=\"color: #56add7;\"><\/i><\/span><em><strong>Demokraci<\/strong><\/em>. Shkollat \u200b\u200bpromovuese t\u00eb sh\u00ebndetit bazohen n\u00eb vlera demokratike.<\/li>\n<li><span class=\"fa-li\"><i class=\"fas fa-check\" style=\"color: #56add7;\"><\/i><\/span><em><strong>Qeverisja e mir\u00eb.<\/strong><\/em> Parimet e pjes\u00ebmarrjes dhe vendimarrjes respektohen nga projekti si parimet baz\u00eb t\u00eb qeverisjes s\u00eb mir\u00eb. Kjo arrihet p\u00ebrmes p\u00ebrfshirjes s\u00eb qeveris\u00eb s\u00eb nx\u00ebn\u00ebsve, k\u00ebshillit t\u00eb prind\u00ebrve, bordit t\u00eb shkoll\u00ebs dhe komisionit ulti disiplinor n\u00eb hartimin dhe implementimin e planeve vjetore dhe 6-mujore.<\/li>\n<\/ul>\n<h3 style=\"text-align: left;\"><strong><span style=\"color: #56add7;\">Shtyllat e <\/span><\/strong><strong><span style=\"color: #56add7;\">projektit &#8220;Shkollat P\u00ebr Sh\u00ebndetin&#8221;<\/span><\/strong><\/h3>\n<ul class=\"fa-ul\">\n<li style=\"text-align: left;\"><span class=\"fa-li\"><i class=\"fas fa-check\" style=\"color: #56add7;\"><\/i><\/span><em><strong>Qasja e t\u00ebr\u00eb shkoll\u00ebs p\u00ebr promovimin e sh\u00ebndetit<\/strong><\/em>. Kombinoni edukimin sh\u00ebndet\u00ebsor n\u00eb klas\u00eb me zhvillimin e politikave shkollore, mjedisin shkollor, kompetencat e jet\u00ebs dhe p\u00ebrfshirjen e t\u00eb gjith\u00eb komunitetit shkollor.<\/li>\n<li style=\"text-align: left;\"><span class=\"fa-li\"><i class=\"fas fa-check\" style=\"color: #56add7;\"><\/i><\/span><em><strong>Pjes\u00ebmarrja<\/strong><\/em>. Nj\u00eb ndjenj\u00eb e pron\u00ebsis\u00eb nga student\u00ebt, stafi dhe prind\u00ebrit.<\/li>\n<li style=\"text-align: left;\"><span class=\"fa-li\"><i class=\"fas fa-check\" style=\"color: #56add7;\"><\/i><\/span><em><strong>Cil\u00ebsia e shkoll\u00ebs<\/strong><\/em>. Shkollat promovuese t\u00eb sh\u00ebndetit krijojn\u00eb procese dhe rezultate m\u00eb t\u00eb mira t\u00eb m\u00ebsimdh\u00ebnies dhe t\u00eb nx\u00ebnit. Nx\u00ebn\u00ebsit e sh\u00ebndetsh\u00ebm m\u00ebsojn\u00eb m\u00eb mir\u00eb; stafi i sh\u00ebndetsh\u00ebm punon m\u00eb mir\u00eb.<\/li>\n<li style=\"text-align: left;\"><span class=\"fa-li\"><i class=\"fas fa-check\" style=\"color: #56add7;\"><\/i><\/span><em><strong>Provat<\/strong><\/em>. Zhvillimi i qasjeve dhe praktikave t\u00eb reja bazuar n\u00eb k\u00ebrkimet ekzistuese dhe ato n\u00eb zhvillim.<\/li>\n<li style=\"text-align: left;\"><span class=\"fa-li\"><i class=\"fas fa-check\" style=\"color: #56add7;\"><\/i><\/span><em><strong>Shkolla dhe komuniteti<\/strong><\/em>. Shkollat shihen si agjent\u00eb aktiv\u00eb p\u00ebr zhvillimin e komunitetit.<\/li>\n<\/ul>\n","protected":false},"excerpt":{"rendered":"<p>Vlerat thelb\u00ebsore t\u00eb projektit &#8220;Shkollat P\u00ebr Sh\u00ebndetin&#8221; Barazia gjinore.Ofrimi i shanseve te barabarta per t\u00eb gjith\u00eb f\u00ebmij\u00ebt qofshin djem apo vajza apo p\u00ebr t\u00eb gjith\u00eb prind\u00ebrit qofshin burra apo gra p\u00ebr t\u00eb marr\u00eb pjes\u00eb n\u00eb aktivitetet e projektit. Q\u00ebndrueshm\u00ebria. Sh\u00ebndeti, arsimi dhe zhvillimi jan\u00eb t\u00eb lidhura. Aktivitetet dhe programet zbatohen [&hellip;]<\/p>\n","protected":false},"author":1,"featured_media":1551,"parent":0,"menu_order":0,"comment_status":"closed","ping_status":"closed","template":"","meta":{"footnotes":""},"_links":{"self":[{"href":"https:\/\/shkollatpershendetin.al\/al\/wp-json\/wp\/v2\/pages\/155"}],"collection":[{"href":"https:\/\/shkollatpershendetin.al\/al\/wp-json\/wp\/v2\/pages"}],"about":[{"href":"https:\/\/shkollatpershendetin.al\/al\/wp-json\/wp\/v2\/types\/page"}],"author":[{"embeddable":true,"href":"https:\/\/shkollatpershendetin.al\/al\/wp-json\/wp\/v2\/users\/1"}],"replies":[{"embeddable":true,"href":"https:\/\/shkollatpershendetin.al\/al\/wp-json\/wp\/v2\/comments?post=155"}],"version-history":[{"count":5,"href":"https:\/\/shkollatpershendetin.al\/al\/wp-json\/wp\/v2\/pages\/155\/revisions"}],"predecessor-version":[{"id":1585,"href":"https:\/\/shkollatpershendetin.al\/al\/wp-json\/wp\/v2\/pages\/155\/revisions\/1585"}],"wp:featuredmedia":[{"embeddable":true,"href":"https:\/\/shkollatpershendetin.al\/al\/wp-json\/wp\/v2\/media\/1551"}],"wp:attachment":[{"href":"https:\/\/shkollatpershendetin.al\/al\/wp-json\/wp\/v2\/media?parent=155"}],"curies":[{"name":"wp","href":"https:\/\/api.w.org\/{rel}","templated":true}]}}