{"id":1505,"date":"2021-10-18T14:24:14","date_gmt":"2021-10-18T14:24:14","guid":{"rendered":"https:\/\/shkollapershendetin.al\/?page_id=1505"},"modified":"2021-11-03T15:09:25","modified_gmt":"2021-11-03T15:09:25","slug":"projekti-zvicerian-shkollat-per-shendetin","status":"publish","type":"page","link":"https:\/\/shkollatpershendetin.al\/al\/projekti-zvicerian-shkollat-per-shendetin\/","title":{"rendered":"PROJEKTI ZVICERIAN \u201cSHKOLLAT P\u00cbR SH\u00cbNDETIN\u201d"},"content":{"rendered":"\n<div class=\"wp-block-themeisle-blocks-advanced-columns has-1-columns has-desktop-equal-layout has-tablet-equal-layout has-mobile-equal-layout has-default-gap has-vertical-unset\" id=\"wp-block-themeisle-blocks-advanced-columns-77684381\"><div class=\"wp-block-themeisle-blocks-advanced-columns-overlay\"><\/div><div class=\"innerblocks-wrap\">\n<div class=\"wp-block-themeisle-blocks-advanced-column\" id=\"wp-block-themeisle-blocks-advanced-column-d676b2e1\">\n<p>N\u00eb muajin Mars t\u00eb vitit 2020, Agjencia Zvicerane p\u00ebr Zhvillim dhe Bashk\u00ebpunim (SDC) ka mandatuar organizat\u00ebn \u201cSave the Children\u201d p\u00ebr zbatimin e nj\u00eb projekti t\u00eb promocionit sh\u00ebndet\u00ebsor dhe parandalimit t\u00eb s\u00ebmundjeve jo t\u00eb transmetueshme (SJT) n\u00eb shkollat shqiptare: <em>\u201cShkollat p\u00ebr Sh\u00ebndetin\u201d<\/em>.<\/p>\n\n\n\n<p><strong>Q\u00ebllimi kryesor i k\u00ebtij projekti \u00ebsht\u00eb ulja e nivelit t\u00eb ekspozimit ndaj faktor\u00ebve t\u00eb riskut t\u00eb lidhur me SJT-t\u00eb n\u00eb popullat\u00ebn shqiptare n\u00eb p\u00ebrgjith\u00ebsi, por me fokus kryesor f\u00ebmij\u00ebt e mosh\u00ebs shkollore. Ky Projekt synon promovimin e sjelljeve t\u00eb sh\u00ebndetshme mes f\u00ebmij\u00ebve t\u00eb shkollave 9-vje\u00e7are (t\u00eb mosh\u00ebs 6-16 vje\u00e7) n\u00eb Shqip\u00ebri me q\u00ebllim q\u00eb ato, familjet e tyre p\u00ebrkat\u00ebse dhe komunitetet n\u00eb t\u00ebr\u00ebsi t\u00eb angazhohen n\u00eb praktika dhe sjellje t\u00eb sh\u00ebndetshme p\u00ebrfshi ushqyerjen e sh\u00ebndetshme, aktivitetin fizik, mos p\u00ebrdorimin e duhanit, alkoolit ose drogave, promovimin e sh\u00ebndetit mendor, promovimin e sh\u00ebndetit seksual dhe riprodhues, higjien\u00ebn personale, mbrojtjen e mjedisit, si dhe promovimin e sjelljeve t\u00eb tjera t\u00eb sh\u00ebndetshme.<\/strong><\/p>\n\n\n\n<p>Ky Projekt mbar\u00eb-komb\u00ebtar konsiston n\u00eb nj\u00eb Faz\u00eb Fillestare 1-vje\u00e7are (Mars 2020 \u2013 Shkurt 2021), t\u00eb ndjekur nga nj\u00eb Faz\u00eb Kryesore 4-vje\u00e7are (Mars 2021 \u2013 Shkurt 2025).<\/p>\n\n\n\n<p>Partner\u00ebt kryesor\u00eb t\u00eb k\u00ebtij projekti t\u00eb r\u00ebnd\u00ebsish\u00ebm do t\u00eb p\u00ebrfshijn\u00eb nj\u00eb gam\u00eb t\u00eb gjer\u00eb sektor\u00ebsh dhe institucionesh n\u00eb nivel qendror, si dhe n\u00eb nivel rajonal dhe vendor (bashkit\u00eb).<\/p>\n\n\n\n<p>N\u00eb nivel komb\u00ebtar, aktor\u00ebt kryesor\u00eb nga sektori i sh\u00ebndet\u00ebsis\u00eb do t\u00eb p\u00ebrb\u00ebhen nga Ministria e Sh\u00ebndet\u00ebsis\u00eb dhe Mbrojtjes Sociale, Drejtoria e P\u00ebrgjithshme e Operatorit t\u00eb Sh\u00ebrbimit t\u00eb Kujdesit Sh\u00ebndet\u00ebsor dhe Instituti i Sh\u00ebndetit Publik. Nga sektori i arsimit, aktor\u00ebt kryesor\u00eb n\u00eb nivel komb\u00ebtar do t\u00eb p\u00ebrfshijn\u00eb Ministrin\u00eb e Arsimit, Rinis\u00eb dhe Sportit me Drejtorin\u00eb e P\u00ebrgjithshme t\u00eb Arsimit Parauniversitar, dhe Agjencin\u00eb e Sigurimit t\u00eb Cil\u00ebsis\u00eb Para-Universitare.<\/p>\n\n\n\n<p>Nga sektori i ushqimit dhe i ushqyerjes, pal\u00ebt kryesore t\u00eb interesit n\u00eb nivel komb\u00ebtar do t\u00eb p\u00ebrb\u00ebhen nga Ministria e Bujq\u00ebsis\u00eb dhe Zhvillimit Rural, Autoriteti Komb\u00ebtar i Ushqimit dhe Instituti i Siguris\u00eb Ushqimore dhe Mjek\u00ebsis\u00eb Veterinare.<\/p>\n\n\n\n<p>N\u00eb nivel rajonal dhe vendor, aktor\u00ebt kryesor\u00eb do t\u00eb p\u00ebrb\u00ebhen nga Drejtorit\u00eb Rajonale t\u00eb Operatorit t\u00eb Sh\u00ebrbimit t\u00eb Kujdesit Sh\u00ebndet\u00ebsor dhe Nj\u00ebsit\u00eb Vendore t\u00eb Kujdesit Sh\u00ebndet\u00ebsor (sektori sh\u00ebndet\u00ebsor); Drejtorit\u00eb Rajonale p\u00ebr Arsimin Parauniversitar dhe Zyrat Vendore t\u00eb Arsimit (sektori i arsimit); si dhe autoritetet e qeverisjes vendore (p\u00ebrfshir\u00eb bashkit\u00eb dhe nj\u00ebsit\u00eb e tyre administrative p\u00ebrkat\u00ebse n\u00eb nivel vendor).<\/p>\n\n\n\n<p>N\u00eb t\u00eb gjitha rastet, shkollat do t\u00eb jen\u00eb n\u00eb zem\u00ebr t\u00eb k\u00ebtij projekti stimulues, duke p\u00ebrfshir\u00eb f\u00ebmij\u00ebt, m\u00ebsuesit, personelin ndihm\u00ebs, autoritetet shkollore, prind\u00ebrit e f\u00ebmij\u00ebve, si dhe t\u00eb gjith\u00eb komunitetit.<\/p>\n<\/div>\n<\/div><\/div>\n","protected":false},"excerpt":{"rendered":"","protected":false},"author":1,"featured_media":1507,"parent":0,"menu_order":0,"comment_status":"closed","ping_status":"closed","template":"page-templates\/template-fullwidth.php","meta":{"footnotes":""},"_links":{"self":[{"href":"https:\/\/shkollatpershendetin.al\/al\/wp-json\/wp\/v2\/pages\/1505"}],"collection":[{"href":"https:\/\/shkollatpershendetin.al\/al\/wp-json\/wp\/v2\/pages"}],"about":[{"href":"https:\/\/shkollatpershendetin.al\/al\/wp-json\/wp\/v2\/types\/page"}],"author":[{"embeddable":true,"href":"https:\/\/shkollatpershendetin.al\/al\/wp-json\/wp\/v2\/users\/1"}],"replies":[{"embeddable":true,"href":"https:\/\/shkollatpershendetin.al\/al\/wp-json\/wp\/v2\/comments?post=1505"}],"version-history":[{"count":1,"href":"https:\/\/shkollatpershendetin.al\/al\/wp-json\/wp\/v2\/pages\/1505\/revisions"}],"predecessor-version":[{"id":1698,"href":"https:\/\/shkollatpershendetin.al\/al\/wp-json\/wp\/v2\/pages\/1505\/revisions\/1698"}],"wp:featuredmedia":[{"embeddable":true,"href":"https:\/\/shkollatpershendetin.al\/al\/wp-json\/wp\/v2\/media\/1507"}],"wp:attachment":[{"href":"https:\/\/shkollatpershendetin.al\/al\/wp-json\/wp\/v2\/media?parent=1505"}],"curies":[{"name":"wp","href":"https:\/\/api.w.org\/{rel}","templated":true}]}}