{"id":1341,"date":"2021-08-27T14:16:28","date_gmt":"2021-08-27T14:16:28","guid":{"rendered":"https:\/\/shkollatpershendetin.info\/?page_id=1341"},"modified":"2021-08-27T14:16:29","modified_gmt":"2021-08-27T14:16:29","slug":"te-reja","status":"publish","type":"page","link":"https:\/\/shkollatpershendetin.al\/al\/te-reja\/","title":{"rendered":"T\u00eb Reja"},"content":{"rendered":"\n<div class=\"wp-block-themeisle-blocks-advanced-columns has-1-columns has-desktop-equal-layout has-tablet-equal-layout has-mobile-equal-layout has-default-gap has-vertical-unset\" id=\"wp-block-themeisle-blocks-advanced-columns-f29e8e11\"><div class=\"wp-block-themeisle-blocks-advanced-columns-overlay\"><\/div><div class=\"innerblocks-wrap\">\n<div class=\"wp-block-themeisle-blocks-advanced-column\" id=\"wp-block-themeisle-blocks-advanced-column-7c0b0eee\"><!--Smart Slider #3 does NOT EXIST or has NO SLIDES!WordPress Shortcode--><\/div>\n<\/div><\/div>\n\n\n\n<div class=\"wp-block-query is-layout-flow wp-block-query-is-layout-flow\"><ul class=\"wp-block-post-template is-layout-flow wp-block-post-template-is-layout-flow\"><li class=\"wp-block-post post-2617 post type-post status-publish format-standard hentry category-publikime-per-newsletter\">\n\n<div class=\"wp-block-columns are-vertically-aligned-center is-layout-flex wp-container-core-columns-is-layout-1 wp-block-columns-is-layout-flex\">\n<div class=\"wp-block-column is-vertically-aligned-center is-layout-flow wp-block-column-is-layout-flow\" style=\"flex-basis:25%\"><\/div>\n\n\n\n<div class=\"wp-block-column is-vertically-aligned-center is-layout-flow wp-block-column-is-layout-flow\" style=\"flex-basis:75%\"><h2 class=\"wp-block-post-title\"><a href=\"https:\/\/shkollatpershendetin.al\/al\/publikime-per-newsletter\/forcimi-i-kapaciteteve-te-shkolles-per-promocionin-shendetesor-tek-femijet\/\" target=\"_self\" ><strong>Forcimi i kapaciteteve t\u00eb shkoll\u00ebs p\u00ebr promocionin sh\u00ebndet\u00ebsor tek f\u00ebmij\u00ebt<\/strong><\/a><\/h2><\/div>\n<\/div>\n\n<\/li><li class=\"wp-block-post post-2614 post type-post status-publish format-standard hentry category-publikime-per-newsletter\">\n\n<div class=\"wp-block-columns are-vertically-aligned-center is-layout-flex wp-container-core-columns-is-layout-2 wp-block-columns-is-layout-flex\">\n<div class=\"wp-block-column is-vertically-aligned-center is-layout-flow wp-block-column-is-layout-flow\" style=\"flex-basis:25%\"><\/div>\n\n\n\n<div class=\"wp-block-column is-vertically-aligned-center is-layout-flow wp-block-column-is-layout-flow\" style=\"flex-basis:75%\"><h2 class=\"wp-block-post-title\"><a href=\"https:\/\/shkollatpershendetin.al\/al\/publikime-per-newsletter\/aplikacionet-digjitale-dhe-konkurset-digjitale-te-shendetit-2\/\" target=\"_self\" >Aplikacionet Digjitale dhe Konkurset Digjitale t\u00eb Sh\u00ebndetit<\/a><\/h2><\/div>\n<\/div>\n\n<\/li><li class=\"wp-block-post post-2612 post type-post status-publish format-standard hentry category-publikime-per-newsletter\">\n\n<div class=\"wp-block-columns are-vertically-aligned-center is-layout-flex wp-container-core-columns-is-layout-3 wp-block-columns-is-layout-flex\">\n<div class=\"wp-block-column is-vertically-aligned-center is-layout-flow wp-block-column-is-layout-flow\" style=\"flex-basis:25%\"><\/div>\n\n\n\n<div class=\"wp-block-column is-vertically-aligned-center is-layout-flow wp-block-column-is-layout-flow\" style=\"flex-basis:75%\"><h2 class=\"wp-block-post-title\"><a href=\"https:\/\/shkollatpershendetin.al\/al\/publikime-per-newsletter\/kontributi-per-perfshirjen-e-komuniteteve-ne-nevoje-zonave-rurale-femijeve-prinderve-kujdestareve-me-aftesi-te-kufizuara-si-dhe-familjeve-qe-i-perkasin-skemes-se-ndihmes-ekonomike\/\" target=\"_self\" ><strong>Kontributi p\u00ebr p\u00ebrfshirjen e komuniteteve n\u00eb nevoj\u00eb, zonave rurale, f\u00ebmij\u00ebve\/prind\u00ebrve\/kujdestar\u00ebve me aft\u00ebsi t\u00eb kufizuara si dhe familjeve q\u00eb i p\u00ebrkasin skem\u00ebs s\u00eb ndihm\u00ebs ekonomike.\u00a0<\/strong><\/a><\/h2><\/div>\n<\/div>\n\n<\/li><li class=\"wp-block-post post-2610 post type-post status-publish format-standard hentry category-publikime-per-newsletter\">\n\n<div class=\"wp-block-columns are-vertically-aligned-center is-layout-flex wp-container-core-columns-is-layout-4 wp-block-columns-is-layout-flex\">\n<div class=\"wp-block-column is-vertically-aligned-center is-layout-flow wp-block-column-is-layout-flow\" style=\"flex-basis:25%\"><\/div>\n\n\n\n<div class=\"wp-block-column is-vertically-aligned-center is-layout-flow wp-block-column-is-layout-flow\" style=\"flex-basis:75%\"><h2 class=\"wp-block-post-title\"><a href=\"https:\/\/shkollatpershendetin.al\/al\/publikime-per-newsletter\/edukimi-i-familjeve-te-shendetshme-nepermjet-fushatave-te-prinderimit-pozitiv-dhe-fuqizimi-i-prinderve-per-nje-menyre-jetese-te-shendetshme\/\" target=\"_self\" ><strong>Edukimi i familjeve t\u00eb sh\u00ebndetshme n\u00ebp\u00ebrmjet fushatave t\u00eb prind\u00ebrimit pozitiv dhe fuqizimi i prind\u00ebrve p\u00ebr nj\u00eb m\u00ebnyr\u00eb jetese t\u00eb sh\u00ebndetshme<\/strong><\/a><\/h2><\/div>\n<\/div>\n\n<\/li><li class=\"wp-block-post post-2606 post type-post status-publish format-standard hentry category-uncategorized\">\n\n<div class=\"wp-block-columns are-vertically-aligned-center is-layout-flex wp-container-core-columns-is-layout-5 wp-block-columns-is-layout-flex\">\n<div class=\"wp-block-column is-vertically-aligned-center is-layout-flow wp-block-column-is-layout-flow\" style=\"flex-basis:25%\"><\/div>\n\n\n\n<div class=\"wp-block-column is-vertically-aligned-center is-layout-flow wp-block-column-is-layout-flow\" style=\"flex-basis:75%\"><h2 class=\"wp-block-post-title\"><a href=\"https:\/\/shkollatpershendetin.al\/al\/uncategorized\/fushata-te-suksesshme-per-promovimin-e-shendetit-dhe-ndikimi-i-femijeve-nga-fushatat-e-karavanit-te-shendetit\/\" target=\"_self\" ><strong>Fushata t\u00eb suksesshme p\u00ebr promovimin e sh\u00ebndetit dhe ndikimi i f\u00ebmij\u00ebve nga fushatat e &#8220;Karavanit t\u00eb sh\u00ebndetit&#8221;<\/strong><\/a><\/h2><\/div>\n<\/div>\n\n<\/li><\/ul><\/div>\n","protected":false},"excerpt":{"rendered":"","protected":false},"author":1,"featured_media":0,"parent":0,"menu_order":0,"comment_status":"closed","ping_status":"closed","template":"page-templates\/template-pagebuilder-full-width.php","meta":{"footnotes":""},"_links":{"self":[{"href":"https:\/\/shkollatpershendetin.al\/al\/wp-json\/wp\/v2\/pages\/1341"}],"collection":[{"href":"https:\/\/shkollatpershendetin.al\/al\/wp-json\/wp\/v2\/pages"}],"about":[{"href":"https:\/\/shkollatpershendetin.al\/al\/wp-json\/wp\/v2\/types\/page"}],"author":[{"embeddable":true,"href":"https:\/\/shkollatpershendetin.al\/al\/wp-json\/wp\/v2\/users\/1"}],"replies":[{"embeddable":true,"href":"https:\/\/shkollatpershendetin.al\/al\/wp-json\/wp\/v2\/comments?post=1341"}],"version-history":[{"count":0,"href":"https:\/\/shkollatpershendetin.al\/al\/wp-json\/wp\/v2\/pages\/1341\/revisions"}],"wp:attachment":[{"href":"https:\/\/shkollatpershendetin.al\/al\/wp-json\/wp\/v2\/media?parent=1341"}],"curies":[{"name":"wp","href":"https:\/\/api.w.org\/{rel}","templated":true}]}}